{"id":4907,"date":"2026-04-09T07:51:41","date_gmt":"2026-04-09T07:51:41","guid":{"rendered":"https:\/\/hyltelecom.cl\/?post_type=product&#038;p=4907"},"modified":"2026-04-09T07:57:18","modified_gmt":"2026-04-09T07:57:18","slug":"edfa-serie-sk-ha21","status":"publish","type":"product","link":"https:\/\/hyltelecom.cl\/en\/catalogo-hyl-telecom\/edfa-serie-sk-ha21\/","title":{"rendered":"Edfa serie SK-HA21"},"content":{"rendered":"<table border=\"1\" cellspacing=\"0\">\n<tbody>\n<tr>\n<td align=\"center\" valign=\"center\" width=\"247\"><strong>Item<\/strong><\/td>\n<td align=\"center\" valign=\"center\" width=\"65\"><strong>Unit <\/strong><\/td>\n<td colspan=\"3\" align=\"center\" valign=\"center\"><strong>Parameter<\/strong><\/td>\n<\/tr>\n<tr>\n<td align=\"center\" valign=\"center\" width=\"247\">OLT pass\u00a0wavelength<\/td>\n<td align=\"center\" valign=\"center\" width=\"65\">nm<\/td>\n<td colspan=\"3\" align=\"center\" valign=\"center\">1310\/1490<\/td>\n<\/tr>\n<tr>\n<td align=\"center\" valign=\"center\" width=\"247\">OLT pass wavelength loss<\/td>\n<td align=\"center\" valign=\"center\" width=\"65\">dB<\/td>\n<td colspan=\"3\" align=\"center\" valign=\"center\">\u2264-1.0<\/td>\n<\/tr>\n<tr>\n<td align=\"center\" valign=\"center\" width=\"247\">CATV &amp; OLT isolation<\/td>\n<td align=\"center\" valign=\"center\" width=\"65\">dB<\/td>\n<td colspan=\"3\" align=\"center\" valign=\"center\">\u226540<\/td>\n<\/tr>\n<tr>\n<td align=\"center\" valign=\"center\" width=\"247\">CATV Working wavelength<\/td>\n<td align=\"center\" valign=\"center\" width=\"65\">nm<\/td>\n<td colspan=\"3\" align=\"center\" valign=\"center\">1535\uff5e1565<\/td>\n<\/tr>\n<tr>\n<td align=\"center\" valign=\"center\" width=\"247\">CATV input optic power<\/td>\n<td align=\"center\" valign=\"center\" width=\"65\">dBm<\/td>\n<td colspan=\"3\" align=\"center\" valign=\"center\">-5\uff5e+10<\/td>\n<\/tr>\n<tr>\n<td align=\"center\" valign=\"center\" width=\"247\">Total output power<\/td>\n<td align=\"center\" valign=\"center\" width=\"65\">dBm<\/td>\n<td align=\"center\" valign=\"center\" width=\"89\">27~33<\/td>\n<td align=\"center\" valign=\"center\" width=\"89\">34~37<\/td>\n<td align=\"center\" valign=\"center\" width=\"155\">38~40<\/td>\n<\/tr>\n<tr>\n<td align=\"center\" valign=\"center\" width=\"247\">Noise figure<\/td>\n<td align=\"center\" valign=\"center\" width=\"65\">dB<\/td>\n<td align=\"center\" valign=\"center\" width=\"89\">\u22645.0<\/td>\n<td align=\"center\" valign=\"center\" width=\"89\">\u22645.5<\/td>\n<td align=\"center\" valign=\"center\" width=\"155\">\u22646.0<\/td>\n<\/tr>\n<tr>\n<td align=\"center\" valign=\"center\" width=\"247\">Output port number<\/td>\n<td align=\"center\" valign=\"center\" width=\"65\"><\/td>\n<td colspan=\"3\" align=\"center\" valign=\"center\">4\u30018\u300116\u300132\u300164<\/td>\n<\/tr>\n<tr>\n<td align=\"center\" valign=\"center\" width=\"247\">Each port output power<\/td>\n<td align=\"center\" valign=\"center\" width=\"65\">dBm<\/td>\n<td colspan=\"3\" align=\"center\" valign=\"center\">10~23<\/td>\n<\/tr>\n<tr>\n<td align=\"center\" valign=\"center\" width=\"247\">Output power adjustable range<\/td>\n<td align=\"center\" valign=\"center\" width=\"65\">dB<\/td>\n<td colspan=\"3\" align=\"center\" valign=\"center\">-4.0 to +0.2<\/td>\n<\/tr>\n<tr>\n<td align=\"center\" valign=\"center\" width=\"247\">Output power stability<\/td>\n<td align=\"center\" valign=\"center\" width=\"65\">dB<\/td>\n<td colspan=\"3\" align=\"center\" valign=\"center\">\u2264\u00b10.2<\/td>\n<\/tr>\n<tr>\n<td align=\"center\" valign=\"center\" width=\"247\">Return loss<\/td>\n<td align=\"center\" valign=\"center\" width=\"65\">dB<\/td>\n<td colspan=\"3\" align=\"center\" valign=\"center\">\u226545<\/td>\n<\/tr>\n<tr>\n<td align=\"center\" valign=\"center\" width=\"247\">Pump leakage power<\/td>\n<td align=\"center\" valign=\"center\" width=\"65\">dBm<\/td>\n<td colspan=\"3\" align=\"center\" valign=\"center\">\u2264-30<\/td>\n<\/tr>\n<tr>\n<td align=\"center\" valign=\"center\" width=\"247\">Polarization relevant gain<\/td>\n<td align=\"center\" valign=\"center\" width=\"65\">dB<\/td>\n<td colspan=\"3\" align=\"center\" valign=\"center\">\u22640.3<\/td>\n<\/tr>\n<tr>\n<td align=\"center\" valign=\"center\" width=\"247\">Polarization membrane dispersion<\/td>\n<td align=\"center\" valign=\"center\" width=\"65\">Ps\/nm<\/td>\n<td colspan=\"3\" align=\"center\" valign=\"center\">\u22640.5<\/td>\n<\/tr>\n<tr>\n<td align=\"center\" valign=\"center\" width=\"247\">Optic Connector<\/td>\n<td align=\"center\" valign=\"center\" width=\"65\"><\/td>\n<td colspan=\"3\" align=\"center\" valign=\"center\">SC\/APC\uff0cFC\/APC\u00a0or LC\/APC<\/td>\n<\/tr>\n<tr>\n<td align=\"center\" valign=\"center\" width=\"247\">Power Supply Voltage<\/td>\n<td align=\"center\" valign=\"center\" width=\"65\">V<\/td>\n<td colspan=\"3\" align=\"center\" valign=\"center\">AC110\uff5e265\uff0850~60Hz\uff09or DC48V<\/td>\n<\/tr>\n<tr>\n<td align=\"center\" valign=\"center\" width=\"247\">Power Consumption<\/td>\n<td align=\"center\" valign=\"center\" width=\"65\">W<\/td>\n<td align=\"center\" valign=\"center\" width=\"89\">\u226455<\/td>\n<td align=\"center\" valign=\"center\" width=\"89\">\u226475<\/td>\n<td align=\"center\" valign=\"center\" width=\"155\">\u2264120<\/td>\n<\/tr>\n<tr>\n<td align=\"center\" valign=\"center\" width=\"247\">Working Temperature<\/td>\n<td align=\"center\" valign=\"center\" width=\"65\">\u2103<\/td>\n<td colspan=\"3\" align=\"center\" valign=\"center\">-5\uff5e+50<\/td>\n<\/tr>\n<tr>\n<td align=\"center\" valign=\"center\" width=\"247\">Max. Working Relevant Humidity<\/td>\n<td align=\"center\" valign=\"center\" width=\"65\">\uff05<\/td>\n<td colspan=\"3\" align=\"center\" valign=\"center\">Max. 85%, no condensation<\/td>\n<\/tr>\n<tr>\n<td align=\"center\" valign=\"center\" width=\"247\">Storage Temperature<\/td>\n<td align=\"center\" valign=\"center\" width=\"65\">\u2103<\/td>\n<td colspan=\"3\" align=\"center\" valign=\"center\">-40\uff5e+80<\/td>\n<\/tr>\n<tr>\n<td align=\"center\" valign=\"center\" width=\"247\">Outer size<\/td>\n<td align=\"center\" valign=\"center\" width=\"65\">mm<\/td>\n<td colspan=\"3\" align=\"center\" valign=\"center\">483\u00d7440\u00d788<\/td>\n<\/tr>\n<tr>\n<td align=\"center\" valign=\"center\" width=\"247\">Packing size<\/td>\n<td align=\"center\" valign=\"center\" width=\"65\">mm<\/td>\n<td colspan=\"3\" align=\"center\" valign=\"center\">550\u00d7540\u00d7180<\/td>\n<\/tr>\n<tr>\n<td align=\"center\" valign=\"center\" width=\"247\">Net weight<\/td>\n<td align=\"center\" valign=\"center\" width=\"65\">Kg<\/td>\n<td colspan=\"3\" align=\"center\" valign=\"center\">8.45<\/td>\n<\/tr>\n<tr>\n<td align=\"center\" valign=\"center\" width=\"247\">Total weight<\/td>\n<td align=\"center\" valign=\"center\" width=\"65\">Kg<\/td>\n<td colspan=\"3\" align=\"center\" valign=\"center\">9.50<\/td>\n<\/tr>\n<\/tbody>\n<\/table>\n<p>&nbsp;<\/p>\n<p><strong>Product series<\/strong><\/p>\n<table border=\"1\" cellspacing=\"0\">\n<tbody>\n<tr>\n<td align=\"center\" valign=\"center\" width=\"120\"><strong>Model Number <\/strong><\/td>\n<td align=\"center\" valign=\"center\" width=\"122\"><strong>Total output power <\/strong><\/td>\n<td align=\"center\" valign=\"center\" width=\"113\"><strong>Number\u00a0of output <\/strong><\/td>\n<td align=\"center\" valign=\"center\" width=\"103\"><strong>Each port Output power <\/strong><\/td>\n<td align=\"center\" valign=\"center\" width=\"187\"><strong>Optical connector <\/strong><\/td>\n<\/tr>\n<tr>\n<td align=\"center\" valign=\"center\" width=\"120\">SK-HA2128-08<\/td>\n<td rowspan=\"2\" align=\"center\" valign=\"center\" width=\"122\">28dBm(0.63W)<\/td>\n<td align=\"center\" valign=\"center\" width=\"113\">8<\/td>\n<td align=\"center\" valign=\"bottom\" width=\"103\">16.5<\/td>\n<td align=\"center\" valign=\"center\" width=\"187\">SC\/APC \u00a0LC\/APC<\/td>\n<\/tr>\n<tr>\n<td align=\"center\" valign=\"center\" width=\"120\">SK-HA2128-16<\/td>\n<td align=\"center\" valign=\"center\" width=\"113\">16<\/td>\n<td align=\"center\" valign=\"bottom\" width=\"103\">13<\/td>\n<td align=\"center\" valign=\"center\" width=\"187\">SC\/APC \u00a0LC\/APC<\/td>\n<\/tr>\n<tr>\n<td align=\"center\" valign=\"center\" width=\"120\">SK-HA2129-08<\/td>\n<td rowspan=\"2\" align=\"center\" valign=\"center\" width=\"122\">29dBm(0.8W)<\/td>\n<td align=\"center\" valign=\"center\" width=\"113\">8<\/td>\n<td align=\"center\" valign=\"bottom\" width=\"103\">17.5<\/td>\n<td align=\"center\" valign=\"center\" width=\"187\">SC\/APC \u00a0LC\/APC<\/td>\n<\/tr>\n<tr>\n<td align=\"center\" valign=\"center\" width=\"120\">SK-HA2129-16<\/td>\n<td align=\"center\" valign=\"center\" width=\"113\">16<\/td>\n<td align=\"center\" valign=\"bottom\" width=\"103\">14<\/td>\n<td align=\"center\" valign=\"center\" width=\"187\">SC\/APC \u00a0LC\/APC<\/td>\n<\/tr>\n<tr>\n<td align=\"center\" valign=\"center\" width=\"120\">SK-HA2130-08<\/td>\n<td rowspan=\"2\" align=\"center\" valign=\"center\" width=\"122\">30dBm(1.0W)<\/td>\n<td align=\"center\" valign=\"center\" width=\"113\">8<\/td>\n<td align=\"center\" valign=\"bottom\" width=\"103\">18.5<\/td>\n<td align=\"center\" valign=\"center\" width=\"187\">SC\/APC \u00a0LC\/APC<\/td>\n<\/tr>\n<tr>\n<td align=\"center\" valign=\"center\" width=\"120\">SK-HA2130-16<\/td>\n<td align=\"center\" valign=\"center\" width=\"113\">16<\/td>\n<td align=\"center\" valign=\"bottom\" width=\"103\">15<\/td>\n<td align=\"center\" valign=\"center\" width=\"187\">SC\/APC \u00a0LC\/APC<\/td>\n<\/tr>\n<tr>\n<td align=\"center\" valign=\"center\" width=\"120\">SK-HA2131-08<\/td>\n<td rowspan=\"2\" align=\"center\" valign=\"center\" width=\"122\">31dBm(1.26W)<\/td>\n<td align=\"center\" valign=\"center\" width=\"113\">8<\/td>\n<td align=\"center\" valign=\"bottom\" width=\"103\">19.5<\/td>\n<td align=\"center\" valign=\"center\" width=\"187\">SC\/APC \u00a0LC\/APC<\/td>\n<\/tr>\n<tr>\n<td align=\"center\" valign=\"center\" width=\"120\">SK-HA2131-16<\/td>\n<td align=\"center\" valign=\"center\" width=\"113\">16<\/td>\n<td align=\"center\" valign=\"bottom\" width=\"103\">16<\/td>\n<td align=\"center\" valign=\"center\" width=\"187\">SC\/APC \u00a0LC\/APC<\/td>\n<\/tr>\n<tr>\n<td align=\"center\" valign=\"center\" width=\"120\">SK-HA2132-08<\/td>\n<td rowspan=\"3\" align=\"center\" valign=\"center\" width=\"122\">32dBm(1.6W)<\/td>\n<td align=\"center\" valign=\"center\" width=\"113\">8<\/td>\n<td align=\"center\" valign=\"bottom\" width=\"103\">20.5<\/td>\n<td align=\"center\" valign=\"center\" width=\"187\">SC\/APC \u00a0LC\/APC<\/td>\n<\/tr>\n<tr>\n<td align=\"center\" valign=\"center\" width=\"120\">SK-HA2132-16<\/td>\n<td align=\"center\" valign=\"center\" width=\"113\">16<\/td>\n<td align=\"center\" valign=\"bottom\" width=\"103\">17<\/td>\n<td align=\"center\" valign=\"center\" width=\"187\">SC\/APC \u00a0LC\/APC<\/td>\n<\/tr>\n<tr>\n<td align=\"center\" valign=\"center\" width=\"120\">SK-HA2132-32<\/td>\n<td align=\"center\" valign=\"center\" width=\"113\">32<\/td>\n<td align=\"center\" valign=\"bottom\" width=\"103\">13.5<\/td>\n<td align=\"center\" valign=\"center\" width=\"187\">SC\/APC \u00a0LC\/APC<\/td>\n<\/tr>\n<tr>\n<td align=\"center\" valign=\"center\" width=\"120\">SK-HA2133-08<\/td>\n<td rowspan=\"3\" align=\"center\" valign=\"center\" width=\"122\">33dBm(2.0W)<\/td>\n<td align=\"center\" valign=\"center\" width=\"113\">8<\/td>\n<td align=\"center\" valign=\"bottom\" width=\"103\">21.5<\/td>\n<td align=\"center\" valign=\"center\" width=\"187\">SC\/APC \u00a0LC\/APC<\/td>\n<\/tr>\n<tr>\n<td align=\"center\" valign=\"center\" width=\"120\">SK-HA2133-16<\/td>\n<td align=\"center\" valign=\"center\" width=\"113\">16<\/td>\n<td align=\"center\" valign=\"bottom\" width=\"103\">18<\/td>\n<td align=\"center\" valign=\"center\" width=\"187\">SC\/APC \u00a0LC\/APC<\/td>\n<\/tr>\n<tr>\n<td align=\"center\" valign=\"center\" width=\"120\">SK-HA2133-32<\/td>\n<td align=\"center\" valign=\"center\" width=\"113\">32<\/td>\n<td align=\"center\" valign=\"bottom\" width=\"103\">14.5<\/td>\n<td align=\"center\" valign=\"center\" width=\"187\">SC\/APC \u00a0LC\/APC<\/td>\n<\/tr>\n<tr>\n<td align=\"center\" valign=\"center\" width=\"120\">SK-HA2134-08<\/td>\n<td rowspan=\"3\" align=\"center\" valign=\"center\" width=\"122\">34dBm(2.5W)<\/td>\n<td align=\"center\" valign=\"center\" width=\"113\">8<\/td>\n<td align=\"center\" valign=\"bottom\" width=\"103\">22.5<\/td>\n<td align=\"center\" valign=\"center\" width=\"187\">SC\/APC \u00a0LC\/APC<\/td>\n<\/tr>\n<tr>\n<td align=\"center\" valign=\"center\" width=\"120\">SK-HA2134-16<\/td>\n<td align=\"center\" valign=\"center\" width=\"113\">16<\/td>\n<td align=\"center\" valign=\"bottom\" width=\"103\">19<\/td>\n<td align=\"center\" valign=\"center\" width=\"187\">SC\/APC \u00a0LC\/APC<\/td>\n<\/tr>\n<tr>\n<td align=\"center\" valign=\"center\" width=\"120\">SK-HA2134-32<\/td>\n<td align=\"center\" valign=\"center\" width=\"113\">32<\/td>\n<td align=\"center\" valign=\"bottom\" width=\"103\">15.5<\/td>\n<td align=\"center\" valign=\"center\" width=\"187\">SC\/APC \u00a0LC\/APC<\/td>\n<\/tr>\n<tr>\n<td align=\"center\" valign=\"center\" width=\"120\">SK-HA2135-16<\/td>\n<td rowspan=\"2\" align=\"center\" valign=\"center\" width=\"122\">35dBm(3.2W)<\/td>\n<td align=\"center\" valign=\"center\" width=\"113\">16<\/td>\n<td align=\"center\" valign=\"bottom\" width=\"103\">20<\/td>\n<td align=\"center\" valign=\"center\" width=\"187\">SC\/APC \u00a0LC\/APC<\/td>\n<\/tr>\n<tr>\n<td align=\"center\" valign=\"center\" width=\"120\">SK-HA2135-32<\/td>\n<td align=\"center\" valign=\"center\" width=\"113\">32<\/td>\n<td align=\"center\" valign=\"bottom\" width=\"103\">16.5<\/td>\n<td align=\"center\" valign=\"center\" width=\"187\">SC\/APC \u00a0LC\/APC<\/td>\n<\/tr>\n<tr>\n<td align=\"center\" valign=\"center\" width=\"120\">SK-HA2136-16<\/td>\n<td rowspan=\"2\" align=\"center\" valign=\"center\" width=\"122\">36dBm(4.0W)<\/td>\n<td align=\"center\" valign=\"center\" width=\"113\">16<\/td>\n<td align=\"center\" valign=\"bottom\" width=\"103\">21<\/td>\n<td align=\"center\" valign=\"center\" width=\"187\">SC\/APC \u00a0LC\/APC<\/td>\n<\/tr>\n<tr>\n<td align=\"center\" valign=\"center\" width=\"120\">SK-HA2136-32<\/td>\n<td align=\"center\" valign=\"center\" width=\"113\">32<\/td>\n<td align=\"center\" valign=\"bottom\" width=\"103\">17.5<\/td>\n<td align=\"center\" valign=\"center\" width=\"187\">SC\/APC \u00a0LC\/APC<\/td>\n<\/tr>\n<tr>\n<td align=\"center\" valign=\"center\" width=\"120\">SK-HA2137-16<\/td>\n<td rowspan=\"2\" align=\"center\" valign=\"center\" width=\"122\">37dBm(5.0W)<\/td>\n<td align=\"center\" valign=\"center\" width=\"113\">16<\/td>\n<td align=\"center\" valign=\"bottom\" width=\"103\">22<\/td>\n<td align=\"center\" valign=\"center\" width=\"187\">SC\/APC \u00a0LC\/APC<\/td>\n<\/tr>\n<tr>\n<td align=\"center\" valign=\"center\" width=\"120\">SK-HA2137-32<\/td>\n<td align=\"center\" valign=\"center\" width=\"113\">32<\/td>\n<td align=\"center\" valign=\"bottom\" width=\"103\">18.5<\/td>\n<td align=\"center\" valign=\"center\" width=\"187\">SC\/APC \u00a0LC\/APC<\/td>\n<\/tr>\n<tr>\n<td align=\"center\" valign=\"center\" width=\"120\">SK-HA2138-16<\/td>\n<td rowspan=\"3\" align=\"center\" valign=\"center\" width=\"122\">38dBm(6.3W)<\/td>\n<td align=\"center\" valign=\"center\" width=\"113\">16<\/td>\n<td align=\"center\" valign=\"bottom\" width=\"103\">23.0<\/td>\n<td align=\"center\" valign=\"center\" width=\"187\">SC\/APC \u00a0LC\/APC<\/td>\n<\/tr>\n<tr>\n<td align=\"center\" valign=\"center\" width=\"120\">SK-HA2138-32<\/td>\n<td align=\"center\" valign=\"center\" width=\"113\">32<\/td>\n<td align=\"center\" valign=\"bottom\" width=\"103\">19.5<\/td>\n<td align=\"center\" valign=\"center\" width=\"187\">SC\/APC \u00a0LC\/APC<\/td>\n<\/tr>\n<tr>\n<td align=\"center\" valign=\"center\" width=\"120\">SK-HA2138-64<\/td>\n<td align=\"center\" valign=\"center\" width=\"113\">64<\/td>\n<td align=\"center\" valign=\"bottom\" width=\"103\">16<\/td>\n<td align=\"center\" valign=\"center\" width=\"187\">LC\/APC<\/td>\n<\/tr>\n<tr>\n<td align=\"center\" valign=\"center\" width=\"120\">SK-HA2139-32<\/td>\n<td rowspan=\"2\" align=\"center\" valign=\"center\" width=\"122\">39dBm(7.9W)<\/td>\n<td align=\"center\" valign=\"center\" width=\"113\">32<\/td>\n<td align=\"center\" valign=\"bottom\" width=\"103\">20.5<\/td>\n<td align=\"center\" valign=\"center\" width=\"187\">SC\/APC \u00a0LC\/APC<\/td>\n<\/tr>\n<tr>\n<td align=\"center\" valign=\"center\" width=\"120\">SK-HA2139-64<\/td>\n<td align=\"center\" valign=\"center\" width=\"113\">64<\/td>\n<td align=\"center\" valign=\"bottom\" width=\"103\">17.0<\/td>\n<td align=\"center\" valign=\"center\" width=\"187\">LC\/APC<\/td>\n<\/tr>\n<tr>\n<td align=\"center\" valign=\"center\" width=\"120\">SK-HA2140-32<\/td>\n<td rowspan=\"2\" align=\"center\" valign=\"center\" width=\"122\">40dBm(10.0W)<\/td>\n<td align=\"center\" valign=\"center\" width=\"113\">32<\/td>\n<td align=\"center\" valign=\"bottom\" width=\"103\">21.5<\/td>\n<td align=\"center\" valign=\"center\" width=\"187\">SC\/APC \u00a0LC\/APC<\/td>\n<\/tr>\n<tr>\n<td align=\"center\" valign=\"center\" width=\"120\">SK-HA2140-64<\/td>\n<td align=\"center\" valign=\"center\" width=\"113\">64<\/td>\n<td align=\"center\" valign=\"bottom\" width=\"103\">18.0<\/td>\n<td align=\"center\" valign=\"center\" width=\"187\">LC\/APC<\/td>\n<\/tr>\n<\/tbody>\n<\/table>\n<p>&nbsp;<\/p>\n<p><strong>Order Information<\/strong><\/p>\n<p><strong><img decoding=\"async\" src=\"https:\/\/skynet-ftth.com\/uploads\/image\/20190221\/20190221104749_84006.jpg\" alt=\"\" \/><br \/>\n<\/strong><\/p>\n<table border=\"1\" cellspacing=\"0\">\n<tbody>\n<tr>\n<td valign=\"center\" width=\"100\"><strong>Product series<\/strong><\/td>\n<td valign=\"center\" width=\"76\"><strong>Product type<\/strong><\/td>\n<td colspan=\"2\" valign=\"center\" width=\"107\"><strong>Total output power<\/strong><\/td>\n<td colspan=\"2\" valign=\"center\" width=\"96\"><strong>Numberof output<\/strong><\/td>\n<td colspan=\"2\" valign=\"center\" width=\"99\"><strong>connector<\/strong><\/td>\n<td colspan=\"2\" valign=\"center\" width=\"150\"><strong>Power supply<\/strong><\/td>\n<\/tr>\n<tr>\n<td rowspan=\"5\" align=\"center\" width=\"100\">Amplifier of communication<\/td>\n<td rowspan=\"5\" align=\"center\" width=\"76\">Built-in WDM<\/td>\n<td align=\"center\" width=\"45\">28<\/td>\n<td align=\"center\" width=\"61\">28dBm<\/td>\n<td align=\"center\" width=\"34\">04<\/td>\n<td align=\"center\" width=\"61\">4 ports<\/td>\n<td align=\"center\" width=\"36\">SA<\/td>\n<td align=\"center\" width=\"62\">SC\/APC<\/td>\n<td align=\"center\" width=\"29\">22<\/td>\n<td align=\"center\" width=\"120\">220VAC+220VAC<\/td>\n<\/tr>\n<tr>\n<td rowspan=\"3\" align=\"center\" width=\"45\"><img decoding=\"async\" src=\"file:\/\/C|\/Users\/Administrator\/AppData\/Roaming\/Macromedia\/Dreamweaver 8\/OfficeImageTemp\/wpsD6D4.tmp.png\" width=\"2\" height=\"49\" \/><\/td>\n<td rowspan=\"3\" align=\"center\" width=\"61\"><img decoding=\"async\" src=\"file:\/\/C|\/Users\/Administrator\/AppData\/Roaming\/Macromedia\/Dreamweaver 8\/OfficeImageTemp\/wpsD6F4.tmp.png\" width=\"2\" height=\"49\" \/><\/td>\n<td align=\"center\" width=\"34\">08<\/td>\n<td align=\"center\" width=\"61\">8 ports<\/td>\n<td align=\"center\" width=\"36\">FA<\/td>\n<td align=\"center\" width=\"62\">FC\/APC<\/td>\n<td align=\"center\" width=\"29\">11<\/td>\n<td align=\"center\" width=\"120\">110 VAC+110 VAC<\/td>\n<\/tr>\n<tr>\n<td align=\"center\" width=\"34\">16<\/td>\n<td align=\"center\" width=\"61\">16 ports<\/td>\n<td align=\"center\" width=\"36\">LA<\/td>\n<td align=\"center\" width=\"62\">LC\/APC<\/td>\n<td align=\"center\" width=\"29\">48<\/td>\n<td align=\"center\" width=\"120\">48VDC+48VDC<\/td>\n<\/tr>\n<tr>\n<td align=\"center\" width=\"34\">32<\/td>\n<td align=\"center\" width=\"61\">32ports<\/td>\n<td align=\"center\" width=\"36\">SU<\/td>\n<td align=\"center\" width=\"62\">SC\/UPC<\/td>\n<td align=\"center\" width=\"29\">42<\/td>\n<td align=\"center\" width=\"120\">48VDC+220VAC<\/td>\n<\/tr>\n<tr>\n<td align=\"center\" width=\"45\">40<\/td>\n<td align=\"center\" width=\"61\">40dBm<\/td>\n<td align=\"center\" width=\"34\">64<\/td>\n<td align=\"center\" width=\"61\">64ports<\/td>\n<td align=\"center\" width=\"36\"><\/td>\n<td align=\"center\" width=\"62\"><\/td>\n<td align=\"center\" width=\"29\">41<\/td>\n<td align=\"center\" width=\"120\">48VDC+110VAC<\/td>\n<\/tr>\n<\/tbody>\n<\/table>\n","protected":false},"excerpt":{"rendered":"<p>El EDFA SK-HA21 incorpora un l\u00e1ser de bombeo multimodo de alta fiabilidad y fibra de doble revestimiento en su n\u00facleo. Su exclusivo circuito de control autom\u00e1tico de potencia (APC) y control autom\u00e1tico de temperatura (ATC) garantiza una alta estabilidad y fiabilidad de la potencia de salida. El dise\u00f1o \u00fanico de la trayectoria \u00f3ptica asegura un excelente \u00edndice de paso \u00f3ptico. Adem\u00e1s, su sistema MPU (unidad de microprocesamiento) de alta estabilidad y precisi\u00f3n facilita su uso, ajuste y visualizaci\u00f3n, gracias a su fiabilidad e inteligencia.<\/p>\n","protected":false},"featured_media":4910,"template":"","meta":{"_joinchat":[]},"product_brand":[88],"product_cat":[81,15],"product_tag":[199],"class_list":{"0":"post-4907","1":"product","2":"type-product","3":"status-publish","4":"has-post-thumbnail","6":"product_brand-skynet","7":"product_cat-equipos-activos","8":"product_cat-todas-las-categorias","9":"product_tag-edfa-serie-sk-ha21","11":"first","12":"instock","13":"shipping-taxable","14":"product-type-simple"},"jetpack_sharing_enabled":true,"_links":{"self":[{"href":"https:\/\/hyltelecom.cl\/en\/wp-json\/wp\/v2\/product\/4907","targetHints":{"allow":["GET"]}}],"collection":[{"href":"https:\/\/hyltelecom.cl\/en\/wp-json\/wp\/v2\/product"}],"about":[{"href":"https:\/\/hyltelecom.cl\/en\/wp-json\/wp\/v2\/types\/product"}],"version-history":[{"count":1,"href":"https:\/\/hyltelecom.cl\/en\/wp-json\/wp\/v2\/product\/4907\/revisions"}],"predecessor-version":[{"id":4908,"href":"https:\/\/hyltelecom.cl\/en\/wp-json\/wp\/v2\/product\/4907\/revisions\/4908"}],"wp:featuredmedia":[{"embeddable":true,"href":"https:\/\/hyltelecom.cl\/en\/wp-json\/wp\/v2\/media\/4910"}],"wp:attachment":[{"href":"https:\/\/hyltelecom.cl\/en\/wp-json\/wp\/v2\/media?parent=4907"}],"wp:term":[{"taxonomy":"product_brand","embeddable":true,"href":"https:\/\/hyltelecom.cl\/en\/wp-json\/wp\/v2\/product_brand?post=4907"},{"taxonomy":"product_cat","embeddable":true,"href":"https:\/\/hyltelecom.cl\/en\/wp-json\/wp\/v2\/product_cat?post=4907"},{"taxonomy":"product_tag","embeddable":true,"href":"https:\/\/hyltelecom.cl\/en\/wp-json\/wp\/v2\/product_tag?post=4907"}],"curies":[{"name":"wp","href":"https:\/\/api.w.org\/{rel}","templated":true}]}}