{"id":4911,"date":"2026-04-09T08:00:51","date_gmt":"2026-04-09T08:00:51","guid":{"rendered":"https:\/\/hyltelecom.cl\/?post_type=product&#038;p=4911"},"modified":"2026-04-09T08:00:51","modified_gmt":"2026-04-09T08:00:51","slug":"edfa-serie-sk-ha22","status":"publish","type":"product","link":"https:\/\/hyltelecom.cl\/en\/catalogo-hyl-telecom\/edfa-serie-sk-ha22\/","title":{"rendered":"Edfa serie SK-HA22"},"content":{"rendered":"<table border=\"1\" cellspacing=\"0\">\n<tbody>\n<tr>\n<td align=\"center\" valign=\"center\" width=\"247\"><strong>Item<\/strong><\/td>\n<td align=\"center\" valign=\"center\" width=\"65\"><strong>Unit <\/strong><\/td>\n<td colspan=\"3\" align=\"center\" valign=\"center\"><strong>Parameter<\/strong><\/td>\n<\/tr>\n<tr>\n<td align=\"center\" valign=\"center\" width=\"247\">Working wavelength<\/td>\n<td align=\"center\" valign=\"center\" width=\"65\">nm<\/td>\n<td colspan=\"3\" align=\"center\" valign=\"center\">1535\uff5e1565<\/td>\n<\/tr>\n<tr>\n<td align=\"center\" valign=\"center\" width=\"247\">Input optic power<\/td>\n<td align=\"center\" valign=\"center\" width=\"65\">dBm<\/td>\n<td colspan=\"3\" align=\"center\" valign=\"center\">-5\uff5e+10<\/td>\n<\/tr>\n<tr>\n<td align=\"center\" valign=\"center\" width=\"247\">Total output power<\/td>\n<td align=\"center\" valign=\"center\" width=\"65\">dBm<\/td>\n<td align=\"center\" valign=\"center\" width=\"89\">28~33<\/td>\n<td align=\"center\" valign=\"center\" width=\"89\">34~37<\/td>\n<td align=\"center\" valign=\"center\" width=\"156\">38~40<\/td>\n<\/tr>\n<tr>\n<td align=\"center\" valign=\"center\" width=\"247\">Noise figure<\/td>\n<td align=\"center\" valign=\"center\" width=\"65\">dB<\/td>\n<td align=\"center\" valign=\"center\" width=\"89\">\u22645.0<\/td>\n<td align=\"center\" valign=\"center\" width=\"89\">\u22645.5<\/td>\n<td align=\"center\" valign=\"center\" width=\"156\">\u22646.0<\/td>\n<\/tr>\n<tr>\n<td align=\"center\" valign=\"center\" width=\"247\">output port number<\/td>\n<td align=\"center\" valign=\"center\" width=\"65\"><\/td>\n<td colspan=\"3\" align=\"center\" valign=\"center\">4\u30018\u300116\u300132\u300164<\/td>\n<\/tr>\n<tr>\n<td align=\"center\" valign=\"center\" width=\"247\">Each port output power<\/td>\n<td align=\"center\" valign=\"center\" width=\"65\">dBm<\/td>\n<td colspan=\"3\" align=\"center\" valign=\"center\">10~23<\/td>\n<\/tr>\n<tr>\n<td align=\"center\" valign=\"center\" width=\"247\">Output power adjustable range<\/td>\n<td align=\"center\" valign=\"center\" width=\"65\">dB<\/td>\n<td colspan=\"3\" align=\"center\" valign=\"center\">-4.0 to +0.2<\/td>\n<\/tr>\n<tr>\n<td align=\"center\" valign=\"center\" width=\"247\">Output power stability<\/td>\n<td align=\"center\" valign=\"center\" width=\"65\">dB<\/td>\n<td colspan=\"3\" align=\"center\" valign=\"center\">\u2264\u00b10.2<\/td>\n<\/tr>\n<tr>\n<td align=\"center\" valign=\"center\" width=\"247\">Return loss<\/td>\n<td align=\"center\" valign=\"center\" width=\"65\">dB<\/td>\n<td colspan=\"3\" align=\"center\" valign=\"center\">\u226545<\/td>\n<\/tr>\n<tr>\n<td align=\"center\" valign=\"center\" width=\"247\">Pump leakage power<\/td>\n<td align=\"center\" valign=\"center\" width=\"65\">dBm<\/td>\n<td colspan=\"3\" align=\"center\" valign=\"center\">\u2264-30<\/td>\n<\/tr>\n<tr>\n<td align=\"center\" valign=\"center\" width=\"247\">Polarization relevant gain<\/td>\n<td align=\"center\" valign=\"center\" width=\"65\">dB<\/td>\n<td colspan=\"3\" align=\"center\" valign=\"center\">\u22640.3<\/td>\n<\/tr>\n<tr>\n<td align=\"center\" valign=\"center\" width=\"247\">Polarization membrane dispersion<\/td>\n<td align=\"center\" valign=\"center\" width=\"65\">Ps\/nm<\/td>\n<td colspan=\"3\" align=\"center\" valign=\"center\">\u22640.5<\/td>\n<\/tr>\n<tr>\n<td align=\"center\" valign=\"center\" width=\"247\">Optic Connector<\/td>\n<td align=\"center\" valign=\"center\" width=\"65\"><\/td>\n<td colspan=\"3\" align=\"center\" valign=\"center\">SC\/APC\uff0cFC\/APC\u00a0or LC\/APC<\/td>\n<\/tr>\n<tr>\n<td align=\"center\" valign=\"center\" width=\"247\">Power Supply Voltage<\/td>\n<td align=\"center\" valign=\"center\" width=\"65\">V<\/td>\n<td colspan=\"3\" align=\"center\" valign=\"center\">AC110\uff5e265\uff0850~60Hz\uff09or DC48V<\/td>\n<\/tr>\n<tr>\n<td align=\"center\" valign=\"center\" width=\"247\">Power Consumption<\/td>\n<td align=\"center\" valign=\"center\" width=\"65\">W<\/td>\n<td align=\"center\" valign=\"center\" width=\"89\">\u226455<\/td>\n<td align=\"center\" valign=\"center\" width=\"89\">\u226475<\/td>\n<td align=\"center\" valign=\"center\" width=\"156\">\u2264120<\/td>\n<\/tr>\n<tr>\n<td align=\"center\" valign=\"center\" width=\"247\">Working Temperature<\/td>\n<td align=\"center\" valign=\"center\" width=\"65\">\u2103<\/td>\n<td colspan=\"3\" align=\"center\" valign=\"center\">-5\uff5e+50<\/td>\n<\/tr>\n<tr>\n<td align=\"center\" valign=\"center\" width=\"247\">Max. Working Relevant Humidity<\/td>\n<td align=\"center\" valign=\"center\" width=\"65\">\uff05<\/td>\n<td colspan=\"3\" align=\"center\" valign=\"center\">Max. 85%, no condensation<\/td>\n<\/tr>\n<tr>\n<td align=\"center\" valign=\"center\" width=\"247\">Storage Temperature<\/td>\n<td align=\"center\" valign=\"center\" width=\"65\">\u2103<\/td>\n<td colspan=\"3\" align=\"center\" valign=\"center\">-40\uff5e+80<\/td>\n<\/tr>\n<tr>\n<td align=\"center\" valign=\"center\" width=\"247\">Outer size<\/td>\n<td align=\"center\" valign=\"center\" width=\"65\">mm<\/td>\n<td colspan=\"3\" align=\"center\" valign=\"center\">483\u00d7440\u00d788<\/td>\n<\/tr>\n<tr>\n<td align=\"center\" valign=\"center\" width=\"247\">Packing size<\/td>\n<td align=\"center\" valign=\"center\" width=\"65\">mm<\/td>\n<td colspan=\"3\" align=\"center\" valign=\"center\">550\u00d7540\u00d7180<\/td>\n<\/tr>\n<tr>\n<td align=\"center\" valign=\"center\" width=\"247\">Net weight<\/td>\n<td align=\"center\" valign=\"center\" width=\"65\">Kg<\/td>\n<td colspan=\"3\" align=\"center\" valign=\"center\">8.45<\/td>\n<\/tr>\n<tr>\n<td align=\"center\" valign=\"center\" width=\"247\">Total weight<\/td>\n<td align=\"center\" valign=\"center\" width=\"65\">Kg<\/td>\n<td colspan=\"3\" align=\"center\" valign=\"center\">9.50<\/td>\n<\/tr>\n<\/tbody>\n<\/table>\n<p>&nbsp;<\/p>\n<p><strong>Product series<\/strong><\/p>\n<table border=\"1\" cellspacing=\"0\">\n<tbody>\n<tr>\n<td align=\"center\" valign=\"center\" width=\"120\"><strong>Model Number <\/strong><\/td>\n<td align=\"center\" valign=\"center\" width=\"122\"><strong>Total output power <\/strong><\/td>\n<td align=\"center\" valign=\"center\" width=\"122\"><strong>Number\u00a0of output <\/strong><\/td>\n<td align=\"center\" valign=\"center\" width=\"103\"><strong>Each port Output power <\/strong><\/td>\n<td align=\"center\" valign=\"center\" width=\"179\"><strong>Optical connector <\/strong><\/td>\n<\/tr>\n<tr>\n<td align=\"center\" valign=\"center\" width=\"120\">SK-HA2228-08<\/td>\n<td rowspan=\"2\" align=\"center\" valign=\"center\" width=\"122\">28dBm(0.63W)<\/td>\n<td align=\"center\" valign=\"center\" width=\"122\">8<\/td>\n<td align=\"center\" valign=\"center\" width=\"103\">17.5<\/td>\n<td align=\"center\" valign=\"center\" width=\"179\">SC\/APC \u00a0LC\/APC<\/td>\n<\/tr>\n<tr>\n<td align=\"center\" valign=\"center\" width=\"120\">SK-HA2228-16<\/td>\n<td align=\"center\" valign=\"center\" width=\"122\">16<\/td>\n<td align=\"center\" valign=\"center\" width=\"103\">14.0<\/td>\n<td align=\"center\" valign=\"center\" width=\"179\">SC\/APC \u00a0LC\/APC<\/td>\n<\/tr>\n<tr>\n<td align=\"center\" valign=\"center\" width=\"120\">SK-HA2229-08<\/td>\n<td rowspan=\"2\" align=\"center\" valign=\"center\" width=\"122\">29dBm(0.8W)<\/td>\n<td align=\"center\" valign=\"center\" width=\"122\">8<\/td>\n<td align=\"center\" valign=\"center\" width=\"103\">18.5<\/td>\n<td align=\"center\" valign=\"center\" width=\"179\">SC\/APC \u00a0LC\/APC<\/td>\n<\/tr>\n<tr>\n<td align=\"center\" valign=\"center\" width=\"120\">SK-HA2229-16<\/td>\n<td align=\"center\" valign=\"center\" width=\"122\">16<\/td>\n<td align=\"center\" valign=\"center\" width=\"103\">15.0<\/td>\n<td align=\"center\" valign=\"center\" width=\"179\">SC\/APC \u00a0LC\/APC<\/td>\n<\/tr>\n<tr>\n<td align=\"center\" valign=\"center\" width=\"120\">SK-HA2230-08<\/td>\n<td rowspan=\"2\" align=\"center\" valign=\"center\" width=\"122\">30dBm(1.0W)<\/td>\n<td align=\"center\" valign=\"center\" width=\"122\">8<\/td>\n<td align=\"center\" valign=\"center\" width=\"103\">19.5<\/td>\n<td align=\"center\" valign=\"center\" width=\"179\">SC\/APC \u00a0LC\/APC<\/td>\n<\/tr>\n<tr>\n<td align=\"center\" valign=\"center\" width=\"120\">SK-HA2230-16<\/td>\n<td align=\"center\" valign=\"center\" width=\"122\">16<\/td>\n<td align=\"center\" valign=\"center\" width=\"103\">16.0<\/td>\n<td align=\"center\" valign=\"center\" width=\"179\">SC\/APC \u00a0LC\/APC<\/td>\n<\/tr>\n<tr>\n<td align=\"center\" valign=\"center\" width=\"120\">SK-HA2231-08<\/td>\n<td rowspan=\"2\" align=\"center\" valign=\"center\" width=\"122\">31dBm(1.26W)<\/td>\n<td align=\"center\" valign=\"center\" width=\"122\">8<\/td>\n<td align=\"center\" valign=\"center\" width=\"103\">20.5<\/td>\n<td align=\"center\" valign=\"center\" width=\"179\">SC\/APC \u00a0LC\/APC<\/td>\n<\/tr>\n<tr>\n<td align=\"center\" valign=\"center\" width=\"120\">SK-HA2231-16<\/td>\n<td align=\"center\" valign=\"center\" width=\"122\">16<\/td>\n<td align=\"center\" valign=\"center\" width=\"103\">17.0<\/td>\n<td align=\"center\" valign=\"center\" width=\"179\">SC\/APC \u00a0LC\/APC<\/td>\n<\/tr>\n<tr>\n<td align=\"center\" valign=\"center\" width=\"120\">SK-HA2232-08<\/td>\n<td rowspan=\"3\" align=\"center\" valign=\"center\" width=\"122\">32dBm(1.6W)<\/td>\n<td align=\"center\" valign=\"center\" width=\"122\">8<\/td>\n<td align=\"center\" valign=\"center\" width=\"103\">21.5<\/td>\n<td align=\"center\" valign=\"center\" width=\"179\">SC\/APC \u00a0LC\/APC<\/td>\n<\/tr>\n<tr>\n<td align=\"center\" valign=\"center\" width=\"120\">SK-HA2232-16<\/td>\n<td align=\"center\" valign=\"center\" width=\"122\">16<\/td>\n<td align=\"center\" valign=\"center\" width=\"103\">18.0<\/td>\n<td align=\"center\" valign=\"center\" width=\"179\">SC\/APC \u00a0LC\/APC<\/td>\n<\/tr>\n<tr>\n<td align=\"center\" valign=\"center\" width=\"120\">SK-HA2232-32<\/td>\n<td align=\"center\" valign=\"center\" width=\"122\">32<\/td>\n<td align=\"center\" valign=\"center\" width=\"103\">14.5<\/td>\n<td align=\"center\" valign=\"center\" width=\"179\">SC\/APC \u00a0LC\/APC<\/td>\n<\/tr>\n<tr>\n<td align=\"center\" valign=\"center\" width=\"120\">SK-HA2233-08<\/td>\n<td rowspan=\"3\" align=\"center\" valign=\"center\" width=\"122\">33dBm(2.0W)<\/td>\n<td align=\"center\" valign=\"center\" width=\"122\">8<\/td>\n<td align=\"center\" valign=\"center\" width=\"103\">22.5<\/td>\n<td align=\"center\" valign=\"center\" width=\"179\">SC\/APC \u00a0LC\/APC<\/td>\n<\/tr>\n<tr>\n<td align=\"center\" valign=\"center\" width=\"120\">SK-HA2233-16<\/td>\n<td align=\"center\" valign=\"center\" width=\"122\">16<\/td>\n<td align=\"center\" valign=\"center\" width=\"103\">19.0<\/td>\n<td align=\"center\" valign=\"center\" width=\"179\">SC\/APC \u00a0LC\/APC<\/td>\n<\/tr>\n<tr>\n<td align=\"center\" valign=\"center\" width=\"120\">SK-HA2233-32<\/td>\n<td align=\"center\" valign=\"center\" width=\"122\">32<\/td>\n<td align=\"center\" valign=\"center\" width=\"103\">15.5<\/td>\n<td align=\"center\" valign=\"center\" width=\"179\">SC\/APC \u00a0LC\/APC<\/td>\n<\/tr>\n<tr>\n<td align=\"center\" valign=\"center\" width=\"120\">SK-HA2234-08<\/td>\n<td rowspan=\"3\" align=\"center\" valign=\"center\" width=\"122\">34dBm(2.5W)<\/td>\n<td align=\"center\" valign=\"center\" width=\"122\">8<\/td>\n<td align=\"center\" valign=\"center\" width=\"103\">23.5<\/td>\n<td align=\"center\" valign=\"center\" width=\"179\">SC\/APC \u00a0LC\/APC<\/td>\n<\/tr>\n<tr>\n<td align=\"center\" valign=\"center\" width=\"120\">SK-HA2234-16<\/td>\n<td align=\"center\" valign=\"center\" width=\"122\">16<\/td>\n<td align=\"center\" valign=\"center\" width=\"103\">20.0<\/td>\n<td align=\"center\" valign=\"center\" width=\"179\">SC\/APC \u00a0LC\/APC<\/td>\n<\/tr>\n<tr>\n<td align=\"center\" valign=\"center\" width=\"120\">SK-HA2234-32<\/td>\n<td align=\"center\" valign=\"center\" width=\"122\">32<\/td>\n<td align=\"center\" valign=\"center\" width=\"103\">16.5<\/td>\n<td align=\"center\" valign=\"center\" width=\"179\">SC\/APC \u00a0LC\/APC<\/td>\n<\/tr>\n<tr>\n<td align=\"center\" valign=\"center\" width=\"120\">SK-HA2235-16<\/td>\n<td rowspan=\"2\" align=\"center\" valign=\"center\" width=\"122\">35dBm(3.2W)<\/td>\n<td align=\"center\" valign=\"center\" width=\"122\">16<\/td>\n<td align=\"center\" valign=\"center\" width=\"103\">21<\/td>\n<td align=\"center\" valign=\"center\" width=\"179\">SC\/APC \u00a0LC\/APC<\/td>\n<\/tr>\n<tr>\n<td align=\"center\" valign=\"center\" width=\"120\">SK-HA2235-32<\/td>\n<td align=\"center\" valign=\"center\" width=\"122\">32<\/td>\n<td align=\"center\" valign=\"center\" width=\"103\">17.5<\/td>\n<td align=\"center\" valign=\"center\" width=\"179\">SC\/APC \u00a0LC\/APC<\/td>\n<\/tr>\n<tr>\n<td align=\"center\" valign=\"center\" width=\"120\">SK-HA2236-16<\/td>\n<td rowspan=\"3\" align=\"center\" valign=\"center\" width=\"122\">36dBm(4.0W)<\/td>\n<td align=\"center\" valign=\"center\" width=\"122\">16<\/td>\n<td align=\"center\" valign=\"center\" width=\"103\">22<\/td>\n<td align=\"center\" valign=\"center\" width=\"179\">SC\/APC \u00a0LC\/APC<\/td>\n<\/tr>\n<tr>\n<td align=\"center\" valign=\"center\" width=\"120\">SK-HA2236-32<\/td>\n<td align=\"center\" valign=\"center\" width=\"122\">32<\/td>\n<td align=\"center\" valign=\"center\" width=\"103\">18.5<\/td>\n<td align=\"center\" valign=\"center\" width=\"179\">SC\/APC \u00a0LC\/APC<\/td>\n<\/tr>\n<tr>\n<td align=\"center\" valign=\"center\" width=\"120\">SK-HA2236-64<\/td>\n<td align=\"center\" valign=\"center\" width=\"122\">64<\/td>\n<td align=\"center\" valign=\"center\" width=\"103\">15.0<\/td>\n<td align=\"center\" valign=\"center\" width=\"179\">SC\/APC \u00a0LC\/APC<\/td>\n<\/tr>\n<tr>\n<td align=\"center\" valign=\"center\" width=\"120\">SK-HA2237-16<\/td>\n<td rowspan=\"3\" align=\"center\" valign=\"center\" width=\"122\">37dBm(5.0W)<\/td>\n<td align=\"center\" valign=\"center\" width=\"122\">16<\/td>\n<td align=\"center\" valign=\"center\" width=\"103\">23.0<\/td>\n<td align=\"center\" valign=\"center\" width=\"179\">SC\/APC \u00a0LC\/APC<\/td>\n<\/tr>\n<tr>\n<td align=\"center\" valign=\"center\" width=\"120\">SK-HA2237-32<\/td>\n<td align=\"center\" valign=\"center\" width=\"122\">32<\/td>\n<td align=\"center\" valign=\"center\" width=\"103\">19.5<\/td>\n<td align=\"center\" valign=\"center\" width=\"179\">SC\/APC \u00a0LC\/APC<\/td>\n<\/tr>\n<tr>\n<td align=\"center\" valign=\"center\" width=\"120\">SK-HA2237-64<\/td>\n<td align=\"center\" valign=\"center\" width=\"122\">64<\/td>\n<td align=\"center\" valign=\"center\" width=\"103\">16.0<\/td>\n<td align=\"center\" valign=\"center\" width=\"179\">SC\/APC \u00a0LC\/APC<\/td>\n<\/tr>\n<tr>\n<td align=\"center\" valign=\"center\" width=\"120\">SK-HA2238-32<\/td>\n<td rowspan=\"2\" align=\"center\" valign=\"center\" width=\"122\">38dBm(6.3W)<\/td>\n<td align=\"center\" valign=\"center\" width=\"122\">32<\/td>\n<td align=\"center\" valign=\"center\" width=\"103\">20.5<\/td>\n<td align=\"center\" valign=\"center\" width=\"179\">SC\/APC \u00a0LC\/APC<\/td>\n<\/tr>\n<tr>\n<td align=\"center\" valign=\"center\" width=\"120\">SK-HA2238-64<\/td>\n<td align=\"center\" valign=\"center\" width=\"122\">64<\/td>\n<td align=\"center\" valign=\"center\" width=\"103\">17.0<\/td>\n<td align=\"center\" valign=\"center\" width=\"179\">SC\/APC \u00a0LC\/APC<\/td>\n<\/tr>\n<tr>\n<td align=\"center\" valign=\"center\" width=\"120\">SK-HA2239-32<\/td>\n<td rowspan=\"2\" align=\"center\" valign=\"center\" width=\"122\">39dBm(7.9W)<\/td>\n<td align=\"center\" valign=\"center\" width=\"122\">32<\/td>\n<td align=\"center\" valign=\"center\" width=\"103\">21.5<\/td>\n<td align=\"center\" valign=\"center\" width=\"179\">SC\/APC \u00a0LC\/APC<\/td>\n<\/tr>\n<tr>\n<td align=\"center\" valign=\"center\" width=\"120\">SK-HA2239-64<\/td>\n<td align=\"center\" valign=\"center\" width=\"122\">64<\/td>\n<td align=\"center\" valign=\"center\" width=\"103\">18.0<\/td>\n<td align=\"center\" valign=\"center\" width=\"179\">SC\/APC \u00a0LC\/APC<\/td>\n<\/tr>\n<tr>\n<td align=\"center\" valign=\"center\" width=\"120\">SK-HA2240-32<\/td>\n<td rowspan=\"2\" align=\"center\" valign=\"center\" width=\"122\">40dBm(10.0W)<\/td>\n<td align=\"center\" valign=\"center\" width=\"122\">32<\/td>\n<td align=\"center\" valign=\"center\" width=\"103\">22.5<\/td>\n<td align=\"center\" valign=\"center\" width=\"179\">SC\/APC \u00a0LC\/APC<\/td>\n<\/tr>\n<tr>\n<td align=\"center\" valign=\"center\" width=\"120\">SK-HA2240-64<\/td>\n<td align=\"center\" valign=\"center\" width=\"122\">64<\/td>\n<td align=\"center\" valign=\"center\" width=\"103\">19.0<\/td>\n<td align=\"center\" valign=\"center\" width=\"179\">SC\/APC \u00a0LC\/APC<\/td>\n<\/tr>\n<\/tbody>\n<\/table>\n<p>&nbsp;<\/p>\n<p><strong>Order Information<\/strong><\/p>\n<p><strong><img decoding=\"async\" src=\"https:\/\/skynet-ftth.com\/uploads\/image\/20190221\/20190221104159_30011.png\" alt=\"\" \/><br \/>\n<\/strong><\/p>\n<table border=\"1\" cellspacing=\"0\">\n<tbody>\n<tr>\n<td align=\"center\" valign=\"center\" width=\"100\"><strong>Product series<\/strong><\/td>\n<td align=\"center\" valign=\"center\" width=\"76\"><strong>Product type<\/strong><\/td>\n<td colspan=\"2\" align=\"center\" valign=\"center\" width=\"107\"><strong>Total output power<\/strong><\/td>\n<td colspan=\"2\" align=\"center\" valign=\"center\" width=\"96\"><strong>Numberof output<\/strong><\/td>\n<td colspan=\"2\" align=\"center\" valign=\"center\" width=\"99\"><strong>connector<\/strong><\/td>\n<td colspan=\"2\" align=\"center\" valign=\"center\" width=\"150\"><strong>Power supply<\/strong><\/td>\n<\/tr>\n<tr>\n<td rowspan=\"5\" align=\"center\" width=\"100\">Amplifier of communication<\/td>\n<td rowspan=\"5\" align=\"center\" width=\"76\">Without WDM<\/td>\n<td align=\"center\" width=\"45\">28<\/td>\n<td align=\"center\" width=\"61\">28dBm<\/td>\n<td align=\"center\" width=\"34\">04<\/td>\n<td align=\"center\" width=\"61\">4 ports<\/td>\n<td align=\"center\" width=\"36\">SA<\/td>\n<td align=\"center\" width=\"62\">SC\/APC<\/td>\n<td align=\"center\" width=\"29\">22<\/td>\n<td align=\"center\" width=\"120\">220VAC+220VAC<\/td>\n<\/tr>\n<tr>\n<td rowspan=\"3\" align=\"center\" width=\"45\"><img decoding=\"async\" src=\"file:\/\/C|\/Users\/Administrator\/AppData\/Roaming\/Macromedia\/Dreamweaver 8\/OfficeImageTemp\/wps543B.tmp.png\" width=\"2\" height=\"49\" \/><\/td>\n<td rowspan=\"3\" align=\"center\" width=\"61\"><img decoding=\"async\" src=\"file:\/\/C|\/Users\/Administrator\/AppData\/Roaming\/Macromedia\/Dreamweaver 8\/OfficeImageTemp\/wps544C.tmp.png\" width=\"2\" height=\"49\" \/><\/td>\n<td align=\"center\" width=\"34\">08<\/td>\n<td align=\"center\" width=\"61\">8 ports<\/td>\n<td align=\"center\" width=\"36\">FA<\/td>\n<td align=\"center\" width=\"62\">FC\/APC<\/td>\n<td align=\"center\" width=\"29\">11<\/td>\n<td align=\"center\" width=\"120\">110 VAC+110 VAC<\/td>\n<\/tr>\n<tr>\n<td align=\"center\" width=\"34\">16<\/td>\n<td align=\"center\" width=\"61\">16 ports<\/td>\n<td align=\"center\" width=\"36\">LA<\/td>\n<td align=\"center\" width=\"62\">LC\/APC<\/td>\n<td align=\"center\" width=\"29\">48<\/td>\n<td align=\"center\" width=\"120\">48VDC+48VDC<\/td>\n<\/tr>\n<tr>\n<td align=\"center\" width=\"34\">32<\/td>\n<td align=\"center\" width=\"61\">32ports<\/td>\n<td align=\"center\" width=\"36\">SU<\/td>\n<td align=\"center\" width=\"62\">SC\/UPC<\/td>\n<td align=\"center\" width=\"29\">42<\/td>\n<td align=\"center\" width=\"120\">48VDC+220VAC<\/td>\n<\/tr>\n<tr>\n<td align=\"center\" width=\"45\">40<\/td>\n<td align=\"center\" width=\"61\">40dBm<\/td>\n<td align=\"center\" width=\"34\">64<\/td>\n<td align=\"center\" width=\"61\">64ports<\/td>\n<td align=\"center\" width=\"36\"><\/td>\n<td align=\"center\" width=\"62\"><\/td>\n<td align=\"center\" width=\"29\">41<\/td>\n<td align=\"center\" width=\"120\">48VDC+110VAC<\/td>\n<\/tr>\n<\/tbody>\n<\/table>\n","protected":false},"excerpt":{"rendered":"<p>El Edfa SK-HA22 incorpora un l\u00e1ser de bombeo multimodo de alta fiabilidad y fibra de doble revestimiento en su n\u00facleo. Su exclusivo circuito APC (control autom\u00e1tico de potencia) y ATC (control autom\u00e1tico de temperatura) garantiza una alta estabilidad y fiabilidad de la potencia de salida. El dise\u00f1o \u00fanico de la trayectoria \u00f3ptica asegura un excelente \u00edndice de paso \u00f3ptico. Adem\u00e1s, su sistema MPU (unidad de microprocesamiento) de alta estabilidad y precisi\u00f3n facilita su uso, ajuste y visualizaci\u00f3n, gracias a su fiabilidad e inteligencia.<\/p>\n","protected":false},"featured_media":4912,"template":"","meta":{"_joinchat":[]},"product_brand":[88],"product_cat":[81,15],"product_tag":[],"class_list":{"0":"post-4911","1":"product","2":"type-product","3":"status-publish","4":"has-post-thumbnail","6":"product_brand-skynet","7":"product_cat-equipos-activos","8":"product_cat-todas-las-categorias","10":"first","11":"instock","12":"shipping-taxable","13":"product-type-simple"},"jetpack_sharing_enabled":true,"_links":{"self":[{"href":"https:\/\/hyltelecom.cl\/en\/wp-json\/wp\/v2\/product\/4911","targetHints":{"allow":["GET"]}}],"collection":[{"href":"https:\/\/hyltelecom.cl\/en\/wp-json\/wp\/v2\/product"}],"about":[{"href":"https:\/\/hyltelecom.cl\/en\/wp-json\/wp\/v2\/types\/product"}],"version-history":[{"count":1,"href":"https:\/\/hyltelecom.cl\/en\/wp-json\/wp\/v2\/product\/4911\/revisions"}],"predecessor-version":[{"id":4913,"href":"https:\/\/hyltelecom.cl\/en\/wp-json\/wp\/v2\/product\/4911\/revisions\/4913"}],"wp:featuredmedia":[{"embeddable":true,"href":"https:\/\/hyltelecom.cl\/en\/wp-json\/wp\/v2\/media\/4912"}],"wp:attachment":[{"href":"https:\/\/hyltelecom.cl\/en\/wp-json\/wp\/v2\/media?parent=4911"}],"wp:term":[{"taxonomy":"product_brand","embeddable":true,"href":"https:\/\/hyltelecom.cl\/en\/wp-json\/wp\/v2\/product_brand?post=4911"},{"taxonomy":"product_cat","embeddable":true,"href":"https:\/\/hyltelecom.cl\/en\/wp-json\/wp\/v2\/product_cat?post=4911"},{"taxonomy":"product_tag","embeddable":true,"href":"https:\/\/hyltelecom.cl\/en\/wp-json\/wp\/v2\/product_tag?post=4911"}],"curies":[{"name":"wp","href":"https:\/\/api.w.org\/{rel}","templated":true}]}}