{"id":4914,"date":"2026-04-09T08:03:17","date_gmt":"2026-04-09T08:03:17","guid":{"rendered":"https:\/\/hyltelecom.cl\/?post_type=product&#038;p=4914"},"modified":"2026-04-09T08:03:17","modified_gmt":"2026-04-09T08:03:17","slug":"amplificador-de-fibra-con-erbio-sk-oa-1550-de-1550-nm","status":"publish","type":"product","link":"https:\/\/hyltelecom.cl\/en\/catalogo-hyl-telecom\/amplificador-de-fibra-con-erbio-sk-oa-1550-de-1550-nm\/","title":{"rendered":"Amplificador de fibra con erbio SK-OA-1550 de 1550 nm"},"content":{"rendered":"<table border=\"1\" cellspacing=\"0\" cellpadding=\"0\">\n<tbody>\n<tr>\n<td colspan=\"2\" width=\"240\">\n<p align=\"center\">Item<\/p>\n<\/td>\n<td width=\"57\">\n<p align=\"center\">Unit<\/p>\n<\/td>\n<td colspan=\"5\" width=\"219\">\n<p align=\"center\">Parameter<\/p>\n<\/td>\n<td width=\"111\">\n<p align=\"center\">Remark<\/p>\n<\/td>\n<\/tr>\n<tr>\n<td colspan=\"2\" width=\"240\">\n<p align=\"left\">Operation band-width<\/p>\n<\/td>\n<td width=\"57\">\n<p align=\"center\">dB<\/p>\n<\/td>\n<td colspan=\"5\" width=\"219\">\n<p align=\"center\">1535\uff5e1565<\/p>\n<\/td>\n<td width=\"111\">\n<p align=\"center\">\n<\/td>\n<\/tr>\n<tr>\n<td colspan=\"2\" width=\"240\">\n<p align=\"left\">Input optical power range<\/p>\n<\/td>\n<td width=\"57\">\n<p align=\"center\">dBm<\/p>\n<\/td>\n<td colspan=\"5\" width=\"219\">\n<p align=\"center\">-3\uff5e+10<\/p>\n<\/td>\n<td width=\"111\">\n<p align=\"center\">\n<\/td>\n<\/tr>\n<tr>\n<td colspan=\"2\" width=\"240\">\n<p align=\"left\">Output optical power<\/p>\n<\/td>\n<td width=\"57\">\n<p align=\"center\">dBm<\/p>\n<\/td>\n<td colspan=\"5\" width=\"219\">\n<p align=\"center\">10\uff5e25<\/p>\n<\/td>\n<td width=\"111\">\n<p align=\"center\">\n<\/td>\n<\/tr>\n<tr>\n<td colspan=\"2\" width=\"240\">\n<p align=\"left\">Output optical power adjusted range<\/p>\n<\/td>\n<td width=\"57\">\n<p align=\"center\">\n<\/td>\n<td colspan=\"5\" width=\"219\">\n<p align=\"center\">Related nominal output power 0~-3dB, adjustable<\/p>\n<\/td>\n<td width=\"111\">\n<p align=\"center\">\n<\/td>\n<\/tr>\n<tr>\n<td colspan=\"2\" width=\"240\">\n<p align=\"left\">Output power stability<\/p>\n<\/td>\n<td width=\"57\">\n<p align=\"center\">dB<\/p>\n<\/td>\n<td colspan=\"5\" width=\"219\">\n<p align=\"center\">\u00b10.3<\/p>\n<\/td>\n<td width=\"111\">\n<p align=\"center\">\n<\/td>\n<\/tr>\n<tr>\n<td rowspan=\"2\" width=\"105\">\n<p align=\"left\">Noise figure<\/p>\n<\/td>\n<td width=\"135\">\n<p align=\"left\">Output optical power<\/p>\n<\/td>\n<td width=\"57\">\n<p align=\"center\">dBm<\/p>\n<\/td>\n<td width=\"70\">\n<p align=\"center\">10~18<\/p>\n<\/td>\n<td colspan=\"3\" width=\"79\">\n<p align=\"center\">19~22<\/p>\n<\/td>\n<td width=\"70\">\n<p align=\"center\">23~25<\/p>\n<\/td>\n<td rowspan=\"2\" width=\"111\">(input optical power is 0dBm)<\/td>\n<\/tr>\n<tr>\n<td width=\"135\">\n<p align=\"left\">Noise figure<\/p>\n<\/td>\n<td width=\"57\">\n<p align=\"center\">dB<\/p>\n<\/td>\n<td width=\"70\">\n<p align=\"center\">\u22644.5<\/p>\n<\/td>\n<td colspan=\"3\" width=\"79\">\n<p align=\"center\">\u22644.8<\/p>\n<\/td>\n<td width=\"70\">\n<p align=\"center\">\u22645.0<\/p>\n<\/td>\n<\/tr>\n<tr>\n<td rowspan=\"2\" width=\"105\">\n<p align=\"left\">Return loss<\/p>\n<\/td>\n<td width=\"135\">\n<p align=\"left\">input<\/p>\n<\/td>\n<td width=\"57\">\n<p align=\"center\">dB<\/p>\n<\/td>\n<td colspan=\"5\" width=\"219\">\n<p align=\"center\">\u226545<\/p>\n<\/td>\n<td width=\"111\">\n<p align=\"center\">\n<\/td>\n<\/tr>\n<tr>\n<td width=\"135\">\n<p align=\"left\">Output<\/p>\n<\/td>\n<td width=\"57\">\n<p align=\"center\">dB<\/p>\n<\/td>\n<td colspan=\"5\" width=\"219\">\n<p align=\"center\">\u226545<\/p>\n<\/td>\n<td width=\"111\">\n<p align=\"center\">\n<\/td>\n<\/tr>\n<tr>\n<td rowspan=\"2\" width=\"105\">\n<p align=\"left\">Pump leakage power<\/p>\n<\/td>\n<td width=\"135\">\n<p align=\"left\">Input<\/p>\n<\/td>\n<td width=\"57\">\n<p align=\"center\">dBm<\/p>\n<\/td>\n<td colspan=\"5\" width=\"219\">\n<p align=\"center\">\u2264-30<\/p>\n<\/td>\n<td width=\"111\">\n<p align=\"center\">\n<\/td>\n<\/tr>\n<tr>\n<td width=\"135\">\n<p align=\"left\">Output<\/p>\n<\/td>\n<td width=\"57\">\n<p align=\"center\">dBm<\/p>\n<\/td>\n<td colspan=\"5\" width=\"219\">\n<p align=\"center\">\u2264-30<\/p>\n<\/td>\n<td width=\"111\">\n<p align=\"center\">\n<\/td>\n<\/tr>\n<tr>\n<td colspan=\"2\" width=\"240\">\n<p align=\"left\">C\/N<\/p>\n<\/td>\n<td width=\"57\">\n<p align=\"center\">dB<\/p>\n<\/td>\n<td colspan=\"5\" width=\"219\">\n<p align=\"center\">\u226551<\/p>\n<\/td>\n<td width=\"111\">\n<p align=\"center\">\n<\/td>\n<\/tr>\n<tr>\n<td colspan=\"2\" width=\"240\">\n<p align=\"left\">C\/CTB<\/p>\n<\/td>\n<td width=\"57\">\n<p align=\"center\">dB<\/p>\n<\/td>\n<td colspan=\"5\" width=\"219\">\n<p align=\"center\">\u226565<\/p>\n<\/td>\n<td width=\"111\">\n<p align=\"center\">\n<\/td>\n<\/tr>\n<tr>\n<td colspan=\"2\" width=\"240\">\n<p align=\"left\">C\/CSO<\/p>\n<\/td>\n<td width=\"57\">\n<p align=\"center\">dB<\/p>\n<\/td>\n<td colspan=\"5\" width=\"219\">\n<p align=\"center\">\u226565<\/p>\n<\/td>\n<td width=\"111\">\n<p align=\"center\">\n<\/td>\n<\/tr>\n<tr>\n<td colspan=\"2\" width=\"240\">\n<p align=\"left\">Optical connector<\/p>\n<\/td>\n<td width=\"57\">\n<p align=\"center\">\n<\/td>\n<td colspan=\"5\" width=\"219\">\n<p align=\"center\">FC\/APC or SC\/APC<\/p>\n<\/td>\n<td width=\"111\">\n<p align=\"center\">\n<\/td>\n<\/tr>\n<tr>\n<td colspan=\"2\" width=\"240\">\n<p align=\"left\">Voltage<\/p>\n<\/td>\n<td width=\"57\">\n<p align=\"center\">V<\/p>\n<\/td>\n<td colspan=\"5\" width=\"219\">\n<p align=\"center\">AC110\uff5e265\uff0850~60Hz\uff09or DC48V<\/p>\n<\/td>\n<td width=\"111\">\n<p align=\"center\">\n<\/td>\n<\/tr>\n<tr>\n<td colspan=\"2\" width=\"240\">\n<p align=\"left\">Consumption<\/p>\n<\/td>\n<td width=\"57\">\n<p align=\"center\">W<\/p>\n<\/td>\n<td colspan=\"2\" width=\"73\">\n<p align=\"center\">16\uff08max\uff09<\/p>\n<\/td>\n<td width=\"73\">\n<p align=\"center\">20\uff08max\uff09<\/p>\n<\/td>\n<td colspan=\"2\" width=\"73\">\n<p align=\"center\">30\uff08max\uff09<\/p>\n<\/td>\n<td width=\"111\">\n<p align=\"center\">\n<\/td>\n<\/tr>\n<tr>\n<td colspan=\"2\" width=\"240\">\n<p align=\"left\">Operation temperature<\/p>\n<\/td>\n<td width=\"57\">\n<p align=\"center\">\u2103<\/p>\n<\/td>\n<td colspan=\"5\" width=\"219\">\n<p align=\"center\">-10\uff5e+55<\/p>\n<\/td>\n<td width=\"111\">\n<p align=\"center\">\n<\/td>\n<\/tr>\n<tr>\n<td colspan=\"2\" width=\"240\">\n<p align=\"left\">Operation relative humidity<\/p>\n<\/td>\n<td width=\"57\">\n<p align=\"center\">\uff05<\/p>\n<\/td>\n<td colspan=\"5\" width=\"219\">\n<p align=\"center\">max.95% no-condensing<\/p>\n<\/td>\n<td width=\"111\">\n<p align=\"center\">\n<\/td>\n<\/tr>\n<tr>\n<td colspan=\"2\" width=\"240\">\n<p align=\"left\">Storage temperature<\/p>\n<\/td>\n<td width=\"57\">\n<p align=\"center\">\u2103<\/p>\n<\/td>\n<td colspan=\"5\" width=\"219\">\n<p align=\"center\">-35\uff5e+70<\/p>\n<\/td>\n<td width=\"111\">\n<p align=\"center\">\n<\/td>\n<\/tr>\n<tr>\n<td colspan=\"2\" width=\"240\">\n<p align=\"left\">Storage relative humidity<\/p>\n<\/td>\n<td width=\"57\">\n<p align=\"center\">\uff05<\/p>\n<\/td>\n<td colspan=\"5\" width=\"219\">\n<p align=\"center\">max. 95% no-condensing<\/p>\n<\/td>\n<td width=\"111\">\n<p align=\"center\">\n<\/td>\n<\/tr>\n<tr>\n<td colspan=\"2\" width=\"240\">\n<p align=\"left\">Dimension<\/p>\n<\/td>\n<td width=\"57\">\n<p align=\"center\">mm<\/p>\n<\/td>\n<td colspan=\"5\" width=\"219\">\n<p align=\"center\">483\u00d7381\u00d744<\/p>\n<\/td>\n<td width=\"111\">\n<p align=\"center\">WxDxH<\/p>\n<\/td>\n<\/tr>\n<\/tbody>\n<\/table>\n","protected":false},"excerpt":{"rendered":"<p>El amplificador de fibra dopada con erbio de la serie SK-OA es un equipo esencial para la transmisi\u00f3n de rel\u00e9s \u00f3pticos en sistemas de comunicaci\u00f3n por fibra \u00f3ptica de 1550 nm. Se utiliza principalmente para la transmisi\u00f3n a ultralarga distancia de se\u00f1ales de v\u00eddeo de TV, se\u00f1ales de TV digital, se\u00f1ales de audio telef\u00f3nicas y se\u00f1ales de datos (datos comprimidos). Incorpora fibra dopada con erbio importada de alta calidad, un l\u00e1ser de bombeo de bajo ruido de reconocida marca internacional y un avanzado sistema de monitorizaci\u00f3n autom\u00e1tica por microordenador para garantizar un rendimiento \u00f3ptimo.<\/p>\n","protected":false},"featured_media":4915,"template":"","meta":{"_joinchat":[]},"product_brand":[88],"product_cat":[81,15],"product_tag":[200],"class_list":{"0":"post-4914","1":"product","2":"type-product","3":"status-publish","4":"has-post-thumbnail","6":"product_brand-skynet","7":"product_cat-equipos-activos","8":"product_cat-todas-las-categorias","9":"product_tag-amplificador-de-fibra-con-erbio-sk-oa-1550-de-1550-nm","11":"first","12":"instock","13":"shipping-taxable","14":"product-type-simple"},"jetpack_sharing_enabled":true,"_links":{"self":[{"href":"https:\/\/hyltelecom.cl\/en\/wp-json\/wp\/v2\/product\/4914","targetHints":{"allow":["GET"]}}],"collection":[{"href":"https:\/\/hyltelecom.cl\/en\/wp-json\/wp\/v2\/product"}],"about":[{"href":"https:\/\/hyltelecom.cl\/en\/wp-json\/wp\/v2\/types\/product"}],"version-history":[{"count":1,"href":"https:\/\/hyltelecom.cl\/en\/wp-json\/wp\/v2\/product\/4914\/revisions"}],"predecessor-version":[{"id":4916,"href":"https:\/\/hyltelecom.cl\/en\/wp-json\/wp\/v2\/product\/4914\/revisions\/4916"}],"wp:featuredmedia":[{"embeddable":true,"href":"https:\/\/hyltelecom.cl\/en\/wp-json\/wp\/v2\/media\/4915"}],"wp:attachment":[{"href":"https:\/\/hyltelecom.cl\/en\/wp-json\/wp\/v2\/media?parent=4914"}],"wp:term":[{"taxonomy":"product_brand","embeddable":true,"href":"https:\/\/hyltelecom.cl\/en\/wp-json\/wp\/v2\/product_brand?post=4914"},{"taxonomy":"product_cat","embeddable":true,"href":"https:\/\/hyltelecom.cl\/en\/wp-json\/wp\/v2\/product_cat?post=4914"},{"taxonomy":"product_tag","embeddable":true,"href":"https:\/\/hyltelecom.cl\/en\/wp-json\/wp\/v2\/product_tag?post=4914"}],"curies":[{"name":"wp","href":"https:\/\/api.w.org\/{rel}","templated":true}]}}