{"id":4917,"date":"2026-04-09T08:04:58","date_gmt":"2026-04-09T08:04:58","guid":{"rendered":"https:\/\/hyltelecom.cl\/?post_type=product&#038;p=4917"},"modified":"2026-04-09T08:05:36","modified_gmt":"2026-04-09T08:05:36","slug":"amplificador-de-fibra-dopada-con-erbio-de-campo-de-1550-nm-de-la-serie-sk-oay-1550","status":"publish","type":"product","link":"https:\/\/hyltelecom.cl\/en\/catalogo-hyl-telecom\/amplificador-de-fibra-dopada-con-erbio-de-campo-de-1550-nm-de-la-serie-sk-oay-1550\/","title":{"rendered":"Amplificador de fibra dopada con erbio de campo de 1550 nm de la serie SK-OAY-1550"},"content":{"rendered":"<table border=\"1\" cellspacing=\"0\">\n<tbody>\n<tr>\n<td colspan=\"2\" align=\"center\" valign=\"center\" width=\"258\"><strong>Item<\/strong><\/td>\n<td align=\"center\" valign=\"center\" width=\"56\"><strong>Unit<\/strong><\/td>\n<td colspan=\"2\" align=\"center\" valign=\"center\" width=\"195\"><strong>Parameter<\/strong><\/td>\n<td align=\"center\" valign=\"center\" width=\"120\"><strong>Remark<\/strong><\/td>\n<\/tr>\n<tr>\n<td colspan=\"2\" align=\"center\" valign=\"center\" width=\"258\">Operation band-width<\/td>\n<td align=\"center\" valign=\"center\" width=\"56\">dB<\/td>\n<td colspan=\"2\" align=\"center\" valign=\"center\" width=\"195\">1535\uff5e1565<\/td>\n<td align=\"center\" valign=\"center\" width=\"120\"><\/td>\n<\/tr>\n<tr>\n<td colspan=\"2\" align=\"center\" valign=\"center\" width=\"258\">Input optical power range<\/td>\n<td align=\"center\" valign=\"center\" width=\"56\">dBm<\/td>\n<td colspan=\"2\" align=\"center\" valign=\"center\" width=\"195\">-5\uff5e+10<\/td>\n<td align=\"center\" valign=\"center\" width=\"120\">standard<\/td>\n<\/tr>\n<tr>\n<td colspan=\"2\" align=\"center\" valign=\"center\" width=\"258\">Output optical level<\/td>\n<td align=\"center\" valign=\"center\" width=\"56\">dBm<\/td>\n<td colspan=\"2\" align=\"center\" valign=\"center\" width=\"195\">13\uff5e35<\/td>\n<td align=\"center\" valign=\"center\" width=\"120\"><\/td>\n<\/tr>\n<tr>\n<td colspan=\"2\" align=\"center\" valign=\"center\" width=\"258\">Output power stability<\/td>\n<td align=\"center\" valign=\"center\" width=\"56\">dB<\/td>\n<td colspan=\"2\" align=\"center\" valign=\"center\" width=\"195\">\u00b10.3<\/td>\n<td align=\"center\" valign=\"center\" width=\"120\"><\/td>\n<\/tr>\n<tr>\n<td rowspan=\"2\" align=\"center\" valign=\"center\" width=\"107\">Noise figure<\/td>\n<td align=\"center\" valign=\"center\" width=\"151\">Output optical power<\/td>\n<td align=\"center\" valign=\"center\" width=\"56\">dBm<\/td>\n<td align=\"center\" valign=\"center\" width=\"103\">10~19<\/td>\n<td align=\"center\" valign=\"center\" width=\"91\">20~24<\/td>\n<td rowspan=\"2\" align=\"center\" valign=\"center\" width=\"120\">\uff08input optical power is 0 dBm\uff09<\/td>\n<\/tr>\n<tr>\n<td align=\"center\" valign=\"center\" width=\"151\">Noise figure<\/td>\n<td align=\"center\" valign=\"center\" width=\"56\">dB<\/td>\n<td align=\"center\" valign=\"center\" width=\"103\">\u22644.5<\/td>\n<td align=\"center\" valign=\"center\" width=\"91\">\u22645.0<\/td>\n<\/tr>\n<tr>\n<td rowspan=\"2\" align=\"center\" valign=\"center\" width=\"107\">Return loss<\/td>\n<td align=\"center\" valign=\"center\" width=\"151\">input<\/td>\n<td align=\"center\" valign=\"center\" width=\"56\">dB<\/td>\n<td colspan=\"2\" align=\"center\" valign=\"center\" width=\"195\">\u226545<\/td>\n<td align=\"center\" valign=\"center\" width=\"120\"><\/td>\n<\/tr>\n<tr>\n<td align=\"center\" valign=\"center\" width=\"151\">Output<\/td>\n<td align=\"center\" valign=\"center\" width=\"56\">dB<\/td>\n<td colspan=\"2\" align=\"center\" valign=\"center\" width=\"195\">\u226545<\/td>\n<td align=\"center\" valign=\"center\" width=\"120\"><\/td>\n<\/tr>\n<tr>\n<td rowspan=\"2\" align=\"center\" valign=\"center\" width=\"107\">Pump leakage power<\/td>\n<td align=\"center\" valign=\"center\" width=\"151\">Input<\/td>\n<td align=\"center\" valign=\"center\" width=\"56\">dBm<\/td>\n<td colspan=\"2\" align=\"center\" valign=\"center\" width=\"195\">\u2264-30<\/td>\n<td align=\"center\" valign=\"center\" width=\"120\"><\/td>\n<\/tr>\n<tr>\n<td align=\"center\" valign=\"center\" width=\"151\">Output<\/td>\n<td align=\"center\" valign=\"center\" width=\"56\">dBm<\/td>\n<td colspan=\"2\" align=\"center\" valign=\"center\" width=\"195\">\u2264-30<\/td>\n<td align=\"center\" valign=\"center\" width=\"120\"><\/td>\n<\/tr>\n<tr>\n<td colspan=\"2\" align=\"center\" valign=\"center\" width=\"258\">C\/N<\/td>\n<td align=\"center\" valign=\"center\" width=\"56\">dB<\/td>\n<td colspan=\"2\" align=\"center\" valign=\"center\" width=\"195\">\u226551<\/td>\n<td align=\"center\" valign=\"center\" width=\"120\"><\/td>\n<\/tr>\n<tr>\n<td colspan=\"2\" align=\"center\" valign=\"center\" width=\"258\">C\/CTB<\/td>\n<td align=\"center\" valign=\"center\" width=\"56\">dB<\/td>\n<td colspan=\"2\" align=\"center\" valign=\"center\" width=\"195\">\u226565<\/td>\n<td align=\"center\" valign=\"center\" width=\"120\"><\/td>\n<\/tr>\n<tr>\n<td colspan=\"2\" align=\"center\" valign=\"center\" width=\"258\">C\/CSO<\/td>\n<td align=\"center\" valign=\"center\" width=\"56\">dB<\/td>\n<td colspan=\"2\" align=\"center\" valign=\"center\" width=\"195\">\u226565<\/td>\n<td align=\"center\" valign=\"center\" width=\"120\"><\/td>\n<\/tr>\n<tr>\n<td colspan=\"2\" align=\"center\" valign=\"center\" width=\"258\">Optical connector<\/td>\n<td align=\"center\" valign=\"center\" width=\"56\"><\/td>\n<td colspan=\"2\" align=\"center\" valign=\"center\" width=\"195\">FC\/APC or SC\/APC<\/td>\n<td align=\"center\" valign=\"center\" width=\"120\"><\/td>\n<\/tr>\n<tr>\n<td colspan=\"2\" align=\"center\" valign=\"center\" width=\"258\">Voltage<\/td>\n<td align=\"center\" valign=\"center\" width=\"56\">V<\/td>\n<td colspan=\"2\" align=\"center\" valign=\"center\" width=\"195\">AC110\uff5e265\uff0850~60Hz\uff09or DC48V<\/td>\n<td align=\"center\" valign=\"center\" width=\"120\"><\/td>\n<\/tr>\n<tr>\n<td colspan=\"2\" align=\"center\" valign=\"center\" width=\"258\">Consumption<\/td>\n<td align=\"center\" valign=\"center\" width=\"56\">W<\/td>\n<td colspan=\"2\" align=\"center\" valign=\"center\" width=\"195\">30\uff08max\uff09<\/td>\n<td align=\"center\" valign=\"center\" width=\"120\"><\/td>\n<\/tr>\n<tr>\n<td colspan=\"2\" align=\"center\" valign=\"center\" width=\"258\">Operation temperature<\/td>\n<td align=\"center\" valign=\"center\" width=\"56\">\u2103<\/td>\n<td colspan=\"2\" align=\"center\" valign=\"center\" width=\"195\">-10\uff5e+55<\/td>\n<td align=\"center\" valign=\"center\" width=\"120\"><\/td>\n<\/tr>\n<tr>\n<td colspan=\"2\" align=\"center\" valign=\"center\" width=\"258\">Operation relative humidity<\/td>\n<td align=\"center\" valign=\"center\" width=\"56\">\uff05<\/td>\n<td colspan=\"2\" align=\"center\" valign=\"center\" width=\"195\">max.95% no-condensing<\/td>\n<td align=\"center\" valign=\"center\" width=\"120\"><\/td>\n<\/tr>\n<tr>\n<td colspan=\"2\" align=\"center\" valign=\"center\" width=\"258\">Storage temperature<\/td>\n<td align=\"center\" valign=\"center\" width=\"56\">\u2103<\/td>\n<td colspan=\"2\" align=\"center\" valign=\"center\" width=\"195\">-30\uff5e+70<\/td>\n<td align=\"center\" valign=\"center\" width=\"120\"><\/td>\n<\/tr>\n<tr>\n<td colspan=\"2\" align=\"center\" valign=\"center\" width=\"258\">Storage relative humidity<\/td>\n<td align=\"center\" valign=\"center\" width=\"56\">\uff05<\/td>\n<td colspan=\"2\" align=\"center\" valign=\"center\" width=\"195\">max. 95% no-condensing<\/td>\n<td align=\"center\" valign=\"center\" width=\"120\"><\/td>\n<\/tr>\n<tr>\n<td colspan=\"2\" align=\"center\" valign=\"center\" width=\"258\">Dimension<\/td>\n<td align=\"center\" valign=\"center\" width=\"56\">mm<\/td>\n<td colspan=\"2\" align=\"center\" valign=\"center\" width=\"195\">320\u00d7220\u00d7130<\/td>\n<td align=\"center\" valign=\"center\" width=\"120\">WxDxH<\/td>\n<\/tr>\n<\/tbody>\n<\/table>\n","protected":false},"excerpt":{"rendered":"<p>El amplificador de fibra dopada con erbio de la serie SK-OAY de 1550 nm utiliza un l\u00e1ser de bombeo de bajo ruido, fibra dopada con erbio de alta calidad y circuitos avanzados de monitorizaci\u00f3n en tiempo real mediante microordenador para garantizar un rendimiento excelente. Se utiliza principalmente en redes de transmisi\u00f3n de fibra \u00f3ptica HFC de gran y mediano tama\u00f1o.<\/p>\n","protected":false},"featured_media":4919,"template":"","meta":{"_joinchat":[]},"product_brand":[],"product_cat":[81,15],"product_tag":[201],"class_list":{"0":"post-4917","1":"product","2":"type-product","3":"status-publish","4":"has-post-thumbnail","6":"product_cat-equipos-activos","7":"product_cat-todas-las-categorias","8":"product_tag-amplificador-de-fibra-dopada-con-erbio-de-campo-de-1550-nm-de-la-serie-sk-oay-1550","10":"first","11":"instock","12":"shipping-taxable","13":"product-type-simple"},"jetpack_sharing_enabled":true,"_links":{"self":[{"href":"https:\/\/hyltelecom.cl\/en\/wp-json\/wp\/v2\/product\/4917","targetHints":{"allow":["GET"]}}],"collection":[{"href":"https:\/\/hyltelecom.cl\/en\/wp-json\/wp\/v2\/product"}],"about":[{"href":"https:\/\/hyltelecom.cl\/en\/wp-json\/wp\/v2\/types\/product"}],"version-history":[{"count":1,"href":"https:\/\/hyltelecom.cl\/en\/wp-json\/wp\/v2\/product\/4917\/revisions"}],"predecessor-version":[{"id":4918,"href":"https:\/\/hyltelecom.cl\/en\/wp-json\/wp\/v2\/product\/4917\/revisions\/4918"}],"wp:featuredmedia":[{"embeddable":true,"href":"https:\/\/hyltelecom.cl\/en\/wp-json\/wp\/v2\/media\/4919"}],"wp:attachment":[{"href":"https:\/\/hyltelecom.cl\/en\/wp-json\/wp\/v2\/media?parent=4917"}],"wp:term":[{"taxonomy":"product_brand","embeddable":true,"href":"https:\/\/hyltelecom.cl\/en\/wp-json\/wp\/v2\/product_brand?post=4917"},{"taxonomy":"product_cat","embeddable":true,"href":"https:\/\/hyltelecom.cl\/en\/wp-json\/wp\/v2\/product_cat?post=4917"},{"taxonomy":"product_tag","embeddable":true,"href":"https:\/\/hyltelecom.cl\/en\/wp-json\/wp\/v2\/product_tag?post=4917"}],"curies":[{"name":"wp","href":"https:\/\/api.w.org\/{rel}","templated":true}]}}