{"id":4920,"date":"2026-04-09T08:09:16","date_gmt":"2026-04-09T08:09:16","guid":{"rendered":"https:\/\/hyltelecom.cl\/?post_type=product&#038;p=4920"},"modified":"2026-04-09T08:09:40","modified_gmt":"2026-04-09T08:09:40","slug":"empalmadora-de-fusion-sk4106s","status":"publish","type":"product","link":"https:\/\/hyltelecom.cl\/en\/catalogo-hyl-telecom\/empalmadora-de-fusion-sk4106s\/","title":{"rendered":"Empalmadora de fusi\u00f3n&#8212;SK4106S"},"content":{"rendered":"<p>El SK4106S incorpora una estructura CPU+FPGA de grado industrial de alto rendimiento, un microscopio de fibra \u00f3ptica HD totalmente nuevo, un motor de alta velocidad importado y materiales de aleaci\u00f3n de aluminio y magnesio. En comparaci\u00f3n con el SK4106, nuestro primer modelo, el SK4106S reduce el tama\u00f1o en un 38%, el peso en un 52% y el consumo energ\u00e9tico en un 57%, a la vez que mejora la velocidad en un 60%, la adaptabilidad al entorno en un 80% y la fiabilidad (MTBF) en un 200%. Disfrute de una experiencia de empalme por fusi\u00f3n sin precedentes.<\/p>\n<p>Caracter\u00edsticas<\/p>\n<p>* Alineaci\u00f3n precisa del n\u00facleo de la fibra, consumo ultrabajo de empalme por fusi\u00f3n de fibra, empalme r\u00e1pido en 7 s<\/p>\n<p>* Calentamiento de alta eficiencia en 18 s<\/p>\n<p>* Aumento de imagen de 320x<\/p>\n<p>* Empalme por fusi\u00f3n de 5 mm para fibras de longitud de corte ultracorta<\/p>\n<p>* 300 grupos de modos de empalme por fusi\u00f3n<\/p>\n<p>* 100 grupos de modos de calentamiento<\/p>\n<p>* 10 000 registros de fusi\u00f3n<\/p>\n<p>* Almacenamiento de 64 im\u00e1genes. Prensatelas cer\u00e1mico<\/p>\n<p>* Empalme bidireccional, empalme autom\u00e1tico, pirocondensaci\u00f3n inteligente<\/p>\n<p>Interfaces USB y para tarjeta SD, actualizaci\u00f3n autom\u00e1tica de software mediante unidad USB<\/p>\n<p>* Tres modos de empalme: autom\u00e1tico, semiautom\u00e1tico y manual<\/p>\n<p>* Bater\u00eda de litio modular integrada, admite 220 ciclos de empalme y calentamiento.<\/p>\n<table border=\"1\" cellspacing=\"0\" cellpadding=\"0\">\n<tbody>\n<tr>\n<td valign=\"top\" width=\"168\">Optical Specifications<\/td>\n<td valign=\"top\" width=\"519\">SK4106S<\/td>\n<\/tr>\n<tr>\n<td valign=\"top\" width=\"168\">\n<h3>Fiber heater<\/h3>\n<p><strong>\u00a0<\/strong><\/td>\n<td valign=\"top\" width=\"519\">Effective heating length: \u226460mm<br \/>\nHeating time: 10s\uff5e255s, settable as required.<br \/>\nTypical heating time: \u226425s(standard 40mm sleeve)\uff0c\u226428s(standard 60mm sleeve).<\/td>\n<\/tr>\n<tr>\n<td valign=\"top\" width=\"168\">&nbsp;<\/p>\n<p>Power supply<\/td>\n<td valign=\"top\" width=\"519\">External DC power input<br \/>\nInput voltage is 13.5\u00b10.5V; input current\u22654.4A; socket center is positive.<br \/>\nBuilt-in lithium-ion battery for power supply.<br \/>\nThe lithium-ion battery is 11.1V, \u22655.2Ah, full charging time is approx. 2.5h.<\/td>\n<\/tr>\n<tr>\n<td valign=\"top\" width=\"168\">Dimensions<br \/>\nand weight<\/td>\n<td valign=\"top\" width=\"519\">Dimensions: W\u00d7H\u00d7D=120mm\u00d7130mm\u00d7154mm(without vibration-free rubber pad)<br \/>\nWeight: approx.1.95kg(with the lithium-ion battery), approx.1.75kg(without the lithium-ion battery).<\/td>\n<\/tr>\n<tr>\n<td valign=\"top\" width=\"168\">&nbsp;<\/p>\n<p>Environmental<br \/>\nconditions<\/td>\n<td valign=\"top\" width=\"519\">Operating temperature: -10\u2103\uff5e+50\u2103<br \/>\nTemperature limit: -20\u2103\uff5e+55\u2103<br \/>\nOperating humidity: 95%RH and below(non-condensing)<br \/>\nMax. wind speed: 15m\/s<br \/>\nStorage temperature: -40\u2103\uff5e+80\u2103\uff0c<br \/>\nStorage humidity: 95%RH and below (non-condensing).<\/td>\n<\/tr>\n<tr>\n<td valign=\"top\" width=\"168\">&nbsp;<\/p>\n<p>&nbsp;<\/p>\n<p>Splice loss<\/td>\n<td valign=\"top\" width=\"519\">Typical loss values of spliced points are:<br \/>\nSingle-mode fiber: 0.03dB<br \/>\nMulti-mode fiber: 0.01dB<br \/>\nDispersion shifted fiber: 0.04dB<br \/>\nNon-zero dispersion shifted fiber: 0.04dB<br \/>\nTypical splice time: 7s(FAST mode, typical)<br \/>\nMonitor: with touch screen function, 4.3 inch TFT color LCD<br \/>\nUSB port: system update and data transmission<br \/>\nReal-time display of remaining battery capacity<br \/>\nBuilt-in lighting with high brightness, for convenient loading of fibers<\/td>\n<\/tr>\n<\/tbody>\n<\/table>\n","protected":false},"excerpt":{"rendered":"<p>Tras obtener 16 patentes de invenci\u00f3n y lograr 58 innovaciones t\u00e9cnicas, se lanza un producto totalmente nuevo: la empalmadora de fusi\u00f3n de fibra \u00f3ptica SK4106S, fruto de 5 a\u00f1os de minuciosa investigaci\u00f3n por parte de 28 ingenieros.<\/p>\n","protected":false},"featured_media":4923,"template":"","meta":{"_joinchat":[]},"product_brand":[88],"product_cat":[84,15],"product_tag":[202],"class_list":{"0":"post-4920","1":"product","2":"type-product","3":"status-publish","4":"has-post-thumbnail","6":"product_brand-skynet","7":"product_cat-instrumentos-fibra-optica","8":"product_cat-todas-las-categorias","9":"product_tag-empalmadora-de-fusion-sk4106s","11":"first","12":"instock","13":"shipping-taxable","14":"product-type-simple"},"jetpack_sharing_enabled":true,"_links":{"self":[{"href":"https:\/\/hyltelecom.cl\/en\/wp-json\/wp\/v2\/product\/4920","targetHints":{"allow":["GET"]}}],"collection":[{"href":"https:\/\/hyltelecom.cl\/en\/wp-json\/wp\/v2\/product"}],"about":[{"href":"https:\/\/hyltelecom.cl\/en\/wp-json\/wp\/v2\/types\/product"}],"version-history":[{"count":2,"href":"https:\/\/hyltelecom.cl\/en\/wp-json\/wp\/v2\/product\/4920\/revisions"}],"predecessor-version":[{"id":4922,"href":"https:\/\/hyltelecom.cl\/en\/wp-json\/wp\/v2\/product\/4920\/revisions\/4922"}],"wp:featuredmedia":[{"embeddable":true,"href":"https:\/\/hyltelecom.cl\/en\/wp-json\/wp\/v2\/media\/4923"}],"wp:attachment":[{"href":"https:\/\/hyltelecom.cl\/en\/wp-json\/wp\/v2\/media?parent=4920"}],"wp:term":[{"taxonomy":"product_brand","embeddable":true,"href":"https:\/\/hyltelecom.cl\/en\/wp-json\/wp\/v2\/product_brand?post=4920"},{"taxonomy":"product_cat","embeddable":true,"href":"https:\/\/hyltelecom.cl\/en\/wp-json\/wp\/v2\/product_cat?post=4920"},{"taxonomy":"product_tag","embeddable":true,"href":"https:\/\/hyltelecom.cl\/en\/wp-json\/wp\/v2\/product_tag?post=4920"}],"curies":[{"name":"wp","href":"https:\/\/api.w.org\/{rel}","templated":true}]}}