{"id":4924,"date":"2026-04-09T08:12:18","date_gmt":"2026-04-09T08:12:18","guid":{"rendered":"https:\/\/hyltelecom.cl\/?post_type=product&#038;p=4924"},"modified":"2026-04-09T08:12:41","modified_gmt":"2026-04-09T08:12:41","slug":"empalmadora-de-fusion-sk4107","status":"publish","type":"product","link":"https:\/\/hyltelecom.cl\/en\/catalogo-hyl-telecom\/empalmadora-de-fusion-sk4107\/","title":{"rendered":"Empalmadora de fusi\u00f3n&#8212;SK4107"},"content":{"rendered":"<p>La empalmadora de fusi\u00f3n FTTH SK4107, con una excelente relaci\u00f3n calidad-precio, es nuestro producto estrella. Con un dise\u00f1o elegante y una calidad fiable, la SK4107 es una herramienta especialmente dise\u00f1ada para la instalaci\u00f3n, operaci\u00f3n y mantenimiento de fibra \u00f3ptica, precisa, duradera y pr\u00e1ctica. Se utiliza ampliamente en la construcci\u00f3n, inspecci\u00f3n y mantenimiento de cables de fibra \u00f3ptica.<\/p>\n<p>Caracter\u00edsticas<\/p>\n<p>* Ideal para proyectos de fibra \u00f3ptica FTTH y fibra convencional<\/p>\n<p>* Alineaci\u00f3n n\u00facleo a n\u00facleo mediante tecnolog\u00eda PAS<\/p>\n<p>* Tiempo de empalme: 8 segundos; tiempo de calentamiento: 30 segundos<\/p>\n<p>* Visualizaci\u00f3n en 300\u00b0 en los ejes X e Y, y en 200\u00b0 en ambos ejes<\/p>\n<p>* Pantalla LCD digital de alta calidad de 5 pulgadas; permite visualizar simult\u00e1neamente los ejes X e Y<\/p>\n<p>* Dispositivo multifuncional: empalma fibra individual, cable para interiores y pigtail<\/p>\n<p>* Bater\u00eda de litio integrada de alta capacidad con capacidad para 200 empalmes y calentamientos<\/p>\n<p>* Tama\u00f1o compacto y peso ligero: 2,1 kg (bater\u00eda incluida)<\/p>\n<table>\n<tbody>\n<tr>\n<td width=\"285\">Model<\/td>\n<td width=\"356\">SK4107 Handheld FTTH Fusion Splicer<\/td>\n<\/tr>\n<tr>\n<td width=\"285\">Splicing Type<\/td>\n<td width=\"356\">SM, MM, DS, NZDS<\/td>\n<\/tr>\n<tr>\n<td width=\"285\">Splicing Loss<\/td>\n<td width=\"356\">0.02dB(SM)\uff0c0.01dB(MM)\uff0c0.04dB(DS)\uff0c0.04dB(NZDS)<\/td>\n<\/tr>\n<tr>\n<td width=\"285\">Return Loss<\/td>\n<td width=\"356\">&gt;60dB<\/td>\n<\/tr>\n<tr>\n<td width=\"285\">Splicing Mode<\/td>\n<td width=\"356\">Manual, Half Auto, Auto<\/td>\n<\/tr>\n<tr>\n<td width=\"285\">Fiber Alignment<\/td>\n<td width=\"356\">Core to Core Alignment by PAS technology<\/td>\n<\/tr>\n<tr>\n<td width=\"285\">Applicable Fiber<\/td>\n<td width=\"356\">Cable indoor and 0.25mm,0.9mm fiber, SC connector(option)<\/td>\n<\/tr>\n<tr>\n<td width=\"285\">Splicing Time<\/td>\n<td width=\"356\">\u22649s<\/td>\n<\/tr>\n<tr>\n<td width=\"285\">Heat Time<\/td>\n<td width=\"356\">\u226430s<\/td>\n<\/tr>\n<tr>\n<td width=\"285\">Cleaved Length<\/td>\n<td width=\"356\">8\uff5e16mm<\/td>\n<\/tr>\n<tr>\n<td width=\"285\">Fiber Image\/ Magnification<\/td>\n<td width=\"356\">300\/200<\/td>\n<\/tr>\n<tr>\n<td width=\"285\">View Display<\/td>\n<td width=\"356\">5 inch digital high-quality LCD screen<\/td>\n<\/tr>\n<tr>\n<td width=\"285\">Tension Test<\/td>\n<td width=\"356\">Standard 2N (option)<\/td>\n<\/tr>\n<tr>\n<td width=\"285\">Heat Shrinkable Sleeve<\/td>\n<td width=\"356\">60mm, 40mm and serials heat Shrinkable Sleeve<\/td>\n<\/tr>\n<tr>\n<td width=\"285\">Battery Capacity<\/td>\n<td width=\"356\">200 cycles splicing and heating,\u00a0 3 hours charging time<\/p>\n<p>( splicing and charging at same time)<\/td>\n<\/tr>\n<tr>\n<td width=\"285\">Battery Life<\/td>\n<td width=\"356\">Cycling charge 300-500 times, easy to replace battery<\/td>\n<\/tr>\n<tr>\n<td width=\"285\">Electrodes Life<\/td>\n<td width=\"356\">3000, easy to replace electrodes<\/td>\n<\/tr>\n<tr>\n<td width=\"285\">Power Source<\/td>\n<td width=\"356\">\u226420W<\/td>\n<\/tr>\n<tr>\n<td width=\"285\">Interface<\/td>\n<td width=\"356\">USB Convenient data download and software update<\/td>\n<\/tr>\n<tr>\n<td width=\"285\">Construction Lighting<\/td>\n<td width=\"356\">Built in high brightness, wide range of lights, easy to operate at night<\/td>\n<\/tr>\n<tr>\n<td width=\"285\">Power supply<\/td>\n<td width=\"356\">Built in lithium battery 5200mAh 11.1V; external adapter, input: AC100-240V, output: DC13.5V\/4.5A<\/td>\n<\/tr>\n<tr>\n<td width=\"285\">Operating Condition<\/td>\n<td width=\"356\">0-5000m above sea level, Temperature: -10-60\u2103,<\/p>\n<p>Humidity:0\uff5e95%RH (No dew)<\/td>\n<\/tr>\n<tr>\n<td width=\"285\">Weight\u00a0 (including battery)<\/td>\n<td width=\"356\">2.1 KG (including battery)<\/td>\n<\/tr>\n<tr>\n<td width=\"285\">Dimension (LxWxH)<\/td>\n<td width=\"356\">135mm(L)\u00d7158mm(W)\u00d7155mm(H)<\/td>\n<\/tr>\n<\/tbody>\n<\/table>\n<p><strong>Standard Configuration<\/strong><\/p>\n<table>\n<tbody>\n<tr>\n<td width=\"129\">No<\/td>\n<td width=\"307\">Name<\/td>\n<td width=\"204\">Qty<\/td>\n<\/tr>\n<tr>\n<td width=\"129\">1<\/td>\n<td width=\"307\">Fusion Splicer ( SK4107 )<\/td>\n<td width=\"204\">1 set<\/td>\n<\/tr>\n<tr>\n<td width=\"129\">2<\/td>\n<td width=\"307\">Fiber Cleaver<\/td>\n<td width=\"204\">1 pc<\/td>\n<\/tr>\n<tr>\n<td width=\"129\">3<\/td>\n<td width=\"307\">Fiber Stripper<\/td>\n<td width=\"204\">1 pc<\/td>\n<\/tr>\n<tr>\n<td width=\"129\">4<\/td>\n<td width=\"307\">AC Adatpor<\/td>\n<td width=\"204\">1 pc<\/td>\n<\/tr>\n<tr>\n<td width=\"129\">5<\/td>\n<td width=\"307\">Li Battery<\/td>\n<td width=\"204\">1 pc<\/td>\n<\/tr>\n<tr>\n<td width=\"129\">6<\/td>\n<td width=\"307\">Charger<\/td>\n<td width=\"204\">1 pc<\/td>\n<\/tr>\n<tr>\n<td width=\"129\">7<\/td>\n<td width=\"307\">Spare Electrodes<\/td>\n<td width=\"204\">1 pair<\/td>\n<\/tr>\n<tr>\n<td width=\"129\">8<\/td>\n<td width=\"307\">Cooling Tray<\/td>\n<td width=\"204\">1 pc<\/td>\n<\/tr>\n<tr>\n<td width=\"129\">9<\/td>\n<td width=\"307\">User Manual CD<\/td>\n<td width=\"204\">1 pc<\/td>\n<\/tr>\n<tr>\n<td width=\"129\">10<\/td>\n<td width=\"307\">Carrying Case<\/td>\n<td width=\"204\">1 pc<\/td>\n<\/tr>\n<\/tbody>\n<\/table>\n","protected":false},"excerpt":{"rendered":"<p>La empalmadora de fusi\u00f3n FTTH SK4107, con una excelente relaci\u00f3n calidad-precio, es el producto principal. Con una apariencia elegante y una calidad confiable.<\/p>\n","protected":false},"featured_media":4926,"template":"","meta":{"_joinchat":[]},"product_brand":[88],"product_cat":[84,15],"product_tag":[203],"class_list":{"0":"post-4924","1":"product","2":"type-product","3":"status-publish","4":"has-post-thumbnail","6":"product_brand-skynet","7":"product_cat-instrumentos-fibra-optica","8":"product_cat-todas-las-categorias","9":"product_tag-empalmadora-de-fusion-sk4107","11":"first","12":"instock","13":"shipping-taxable","14":"product-type-simple"},"jetpack_sharing_enabled":true,"_links":{"self":[{"href":"https:\/\/hyltelecom.cl\/en\/wp-json\/wp\/v2\/product\/4924","targetHints":{"allow":["GET"]}}],"collection":[{"href":"https:\/\/hyltelecom.cl\/en\/wp-json\/wp\/v2\/product"}],"about":[{"href":"https:\/\/hyltelecom.cl\/en\/wp-json\/wp\/v2\/types\/product"}],"version-history":[{"count":1,"href":"https:\/\/hyltelecom.cl\/en\/wp-json\/wp\/v2\/product\/4924\/revisions"}],"predecessor-version":[{"id":4925,"href":"https:\/\/hyltelecom.cl\/en\/wp-json\/wp\/v2\/product\/4924\/revisions\/4925"}],"wp:featuredmedia":[{"embeddable":true,"href":"https:\/\/hyltelecom.cl\/en\/wp-json\/wp\/v2\/media\/4926"}],"wp:attachment":[{"href":"https:\/\/hyltelecom.cl\/en\/wp-json\/wp\/v2\/media?parent=4924"}],"wp:term":[{"taxonomy":"product_brand","embeddable":true,"href":"https:\/\/hyltelecom.cl\/en\/wp-json\/wp\/v2\/product_brand?post=4924"},{"taxonomy":"product_cat","embeddable":true,"href":"https:\/\/hyltelecom.cl\/en\/wp-json\/wp\/v2\/product_cat?post=4924"},{"taxonomy":"product_tag","embeddable":true,"href":"https:\/\/hyltelecom.cl\/en\/wp-json\/wp\/v2\/product_tag?post=4924"}],"curies":[{"name":"wp","href":"https:\/\/api.w.org\/{rel}","templated":true}]}}