{"id":4927,"date":"2026-04-09T08:15:14","date_gmt":"2026-04-09T08:15:14","guid":{"rendered":"https:\/\/hyltelecom.cl\/?post_type=product&#038;p=4927"},"modified":"2026-04-09T08:15:39","modified_gmt":"2026-04-09T08:15:39","slug":"empalmadora-de-fusion-sk4108s","status":"publish","type":"product","link":"https:\/\/hyltelecom.cl\/en\/catalogo-hyl-telecom\/empalmadora-de-fusion-sk4108s\/","title":{"rendered":"Empalmadora de fusi\u00f3n&#8212;SK4108S"},"content":{"rendered":"<p>La m\u00e1quina incorpora tecnolog\u00eda de procesamiento de im\u00e1genes de alta velocidad y posicionamiento de precisi\u00f3n, lo que permite completar autom\u00e1ticamente el proceso de fusi\u00f3n de fibra en tan solo 9 segundos. Su gran pantalla LCD muestra claramente las distintas etapas de la fusi\u00f3n. Es compacta, ligera y apta para trabajos de campo. Adem\u00e1s, es de f\u00e1cil manejo, r\u00e1pida y con m\u00ednimas p\u00e9rdidas por fusi\u00f3n. Resulta especialmente adecuada para la ingenier\u00eda y el mantenimiento de cables de fibra \u00f3ptica en los sectores de telecomunicaciones, radio y televisi\u00f3n, ferrocarriles, petroqu\u00edmica, electricidad, fuerzas armadas y seguridad p\u00fablica, as\u00ed como para la docencia e investigaci\u00f3n en institutos cient\u00edficos.<\/p>\n<p>Caracter\u00edsticas<\/p>\n<p>* Alineaci\u00f3n de fibra: alineaci\u00f3n del n\u00facleo o del revestimiento<\/p>\n<p>* Procesamiento de imagen: procesamiento digital<\/p>\n<p>* Interfaz multiling\u00fce<\/p>\n<p>* Monitorizaci\u00f3n en tiempo real de la alimentaci\u00f3n<\/p>\n<p>* Pantalla LCD digital de alta calidad de 5 pulgadas<\/p>\n<p>* Iluminaci\u00f3n integrada (para facilitar la colocaci\u00f3n de la fibra \u00f3ptica)<\/p>\n<table>\n<tbody>\n<tr>\n<td width=\"285\">Model<\/td>\n<td width=\"356\">FTTH Fusion Splicer<\/td>\n<\/tr>\n<tr>\n<td width=\"285\">Splicing Type<\/td>\n<td width=\"356\">SM, MM, DS, NZDS<\/td>\n<\/tr>\n<tr>\n<td width=\"285\">Splicing Loss<\/td>\n<td width=\"356\">0.02dB(SM)\uff0c0.01dB(MM)\uff0c0.04dB(DS)\uff0c<\/td>\n<\/tr>\n<tr>\n<td width=\"285\">Return Loss<\/td>\n<td width=\"356\">&gt;60dB<\/td>\n<\/tr>\n<tr>\n<td width=\"285\">Splicing Mode<\/td>\n<td width=\"356\">Manual, Half Auto, Auto<\/td>\n<\/tr>\n<tr>\n<td width=\"285\">Fiber Alignment<\/td>\n<td width=\"356\">Core to Core Alignment by PAS technology<\/td>\n<\/tr>\n<tr>\n<td width=\"285\">Applicable Fiber<\/td>\n<td width=\"356\">Cable indoor and 0.25mm,0.9mm fiber, SC connector(option)<\/td>\n<\/tr>\n<tr>\n<td width=\"285\">Splicing Time<\/td>\n<td width=\"356\">\u22649s<\/td>\n<\/tr>\n<tr>\n<td width=\"285\">Heat Time<\/td>\n<td width=\"356\">\u226430s<\/td>\n<\/tr>\n<tr>\n<td width=\"285\">Cleaved Length<\/td>\n<td width=\"356\">8\uff5e16mm<\/td>\n<\/tr>\n<tr>\n<td width=\"285\">Fiber Image\/ Magnification<\/td>\n<td width=\"356\">300\/200 times<\/td>\n<\/tr>\n<tr>\n<td width=\"285\">View Display<\/td>\n<td width=\"356\">5 inch digital high-quality LCD screen<\/td>\n<\/tr>\n<tr>\n<td width=\"285\">Tension Test<\/td>\n<td width=\"356\">Standard 2N (option)<\/td>\n<\/tr>\n<tr>\n<td width=\"285\">Heat Shrinkable Sleeve<\/td>\n<td width=\"356\">60mm, 40mm and serials heat Shrinkable Sleeve<\/td>\n<\/tr>\n<tr>\n<td width=\"285\">Battery Capacity<\/td>\n<td width=\"356\">200 cycles splicing and heating, 3 hours charging time<\/p>\n<p>( splicing and charging at same time)<\/td>\n<\/tr>\n<tr>\n<td width=\"285\">Battery Life<\/td>\n<td width=\"356\">Cycling charge 300-500 times, easy to replace battery<\/td>\n<\/tr>\n<tr>\n<td width=\"285\">Electrodes Life<\/td>\n<td width=\"356\">3000, easy to replace electrodes<\/td>\n<\/tr>\n<tr>\n<td width=\"285\">Power Source<\/td>\n<td width=\"356\">\u226420W<\/td>\n<\/tr>\n<tr>\n<td width=\"285\">Interface<\/td>\n<td width=\"356\">USB Convenient data download and software update<\/td>\n<\/tr>\n<tr>\n<td width=\"285\">Construction Lighting<\/td>\n<td width=\"356\">Built in high brightness, wide range of lights, easy to operate at night<\/td>\n<\/tr>\n<tr>\n<td width=\"285\">Power supply<\/td>\n<td width=\"356\">Built in lithium battery 5200mAh 11.1V; external adapter, input: AC100-240V, output: DC13.5V\/4.5A<\/td>\n<\/tr>\n<tr>\n<td width=\"285\">Operating Condition<\/td>\n<td width=\"356\">0-5000m above sea level, Temperature: -10-60\u2103,<\/p>\n<p>Humidity:0\uff5e95%RH (No dew)<\/td>\n<\/tr>\n<tr>\n<td width=\"285\">Weight\u00a0 (including battery)<\/td>\n<td width=\"356\">2.1 KG (including battery)<\/td>\n<\/tr>\n<tr>\n<td width=\"285\">Dimension (LxWxH)<\/td>\n<td width=\"356\">135mm(L)\u00d7158mm(W)\u00d7155mm(H)<\/td>\n<\/tr>\n<\/tbody>\n<\/table>\n<p><strong>Standard Configuration<\/strong><\/p>\n<table>\n<tbody>\n<tr>\n<td width=\"130\">No<\/td>\n<td width=\"307\">Name<\/td>\n<td width=\"204\">Qty<\/td>\n<\/tr>\n<tr>\n<td width=\"130\">1<\/td>\n<td width=\"307\">Fusion Splice<\/td>\n<td width=\"204\">1 set<\/td>\n<\/tr>\n<tr>\n<td width=\"130\">2<\/td>\n<td width=\"307\">Fiber Cleaver<\/td>\n<td width=\"204\">1 set<\/td>\n<\/tr>\n<tr>\n<td width=\"130\">3<\/td>\n<td width=\"307\">Fiber Stripper<\/td>\n<td width=\"204\">1 pc<\/td>\n<\/tr>\n<tr>\n<td width=\"130\">4<\/td>\n<td width=\"307\">AC Adaptor<\/td>\n<td width=\"204\">1 pc<\/td>\n<\/tr>\n<tr>\n<td width=\"130\">5<\/td>\n<td width=\"307\">Power cord<\/td>\n<td width=\"204\">1 pc<\/td>\n<\/tr>\n<tr>\n<td width=\"130\">6<\/td>\n<td width=\"307\">Li Battery<\/td>\n<td width=\"204\">1 pc<\/td>\n<\/tr>\n<tr>\n<td width=\"130\">7<\/td>\n<td width=\"307\">Charger<\/td>\n<td width=\"204\">1 pair<\/td>\n<\/tr>\n<tr>\n<td width=\"130\">8<\/td>\n<td width=\"307\">Cooling tray<\/td>\n<td width=\"204\">1 pc<\/td>\n<\/tr>\n<tr>\n<td width=\"130\">9<\/td>\n<td width=\"307\">Spare Electrodes<\/td>\n<td width=\"204\">2 pair<\/td>\n<\/tr>\n<tr>\n<td width=\"130\">10<\/td>\n<td width=\"307\">User Manual CD<\/td>\n<td width=\"204\">1 pc<\/td>\n<\/tr>\n<\/tbody>\n<\/table>\n","protected":false},"excerpt":{"rendered":"<p>La m\u00e1quina incorpora tecnolog\u00eda de procesamiento de im\u00e1genes de alta velocidad y tecnolog\u00eda de posicionamiento de precisi\u00f3n especial, lo que permite completar autom\u00e1ticamente todo el proceso de fusi\u00f3n de fibras en tan solo 9 segundos.<\/p>\n","protected":false},"featured_media":4930,"template":"","meta":{"_joinchat":[]},"product_brand":[88],"product_cat":[84,15],"product_tag":[204],"class_list":{"0":"post-4927","1":"product","2":"type-product","3":"status-publish","4":"has-post-thumbnail","6":"product_brand-skynet","7":"product_cat-instrumentos-fibra-optica","8":"product_cat-todas-las-categorias","9":"product_tag-empalmadora-de-fusion-sk4108s","11":"first","12":"instock","13":"shipping-taxable","14":"product-type-simple"},"jetpack_sharing_enabled":true,"_links":{"self":[{"href":"https:\/\/hyltelecom.cl\/en\/wp-json\/wp\/v2\/product\/4927","targetHints":{"allow":["GET"]}}],"collection":[{"href":"https:\/\/hyltelecom.cl\/en\/wp-json\/wp\/v2\/product"}],"about":[{"href":"https:\/\/hyltelecom.cl\/en\/wp-json\/wp\/v2\/types\/product"}],"version-history":[{"count":2,"href":"https:\/\/hyltelecom.cl\/en\/wp-json\/wp\/v2\/product\/4927\/revisions"}],"predecessor-version":[{"id":4929,"href":"https:\/\/hyltelecom.cl\/en\/wp-json\/wp\/v2\/product\/4927\/revisions\/4929"}],"wp:featuredmedia":[{"embeddable":true,"href":"https:\/\/hyltelecom.cl\/en\/wp-json\/wp\/v2\/media\/4930"}],"wp:attachment":[{"href":"https:\/\/hyltelecom.cl\/en\/wp-json\/wp\/v2\/media?parent=4927"}],"wp:term":[{"taxonomy":"product_brand","embeddable":true,"href":"https:\/\/hyltelecom.cl\/en\/wp-json\/wp\/v2\/product_brand?post=4927"},{"taxonomy":"product_cat","embeddable":true,"href":"https:\/\/hyltelecom.cl\/en\/wp-json\/wp\/v2\/product_cat?post=4927"},{"taxonomy":"product_tag","embeddable":true,"href":"https:\/\/hyltelecom.cl\/en\/wp-json\/wp\/v2\/product_tag?post=4927"}],"curies":[{"name":"wp","href":"https:\/\/api.w.org\/{rel}","templated":true}]}}