{"id":4932,"date":"2026-04-09T08:17:45","date_gmt":"2026-04-09T08:17:45","guid":{"rendered":"https:\/\/hyltelecom.cl\/?post_type=product&#038;p=4932"},"modified":"2026-04-09T08:18:04","modified_gmt":"2026-04-09T08:18:04","slug":"otdr-sk3302f","status":"publish","type":"product","link":"https:\/\/hyltelecom.cl\/en\/catalogo-hyl-telecom\/otdr-sk3302f\/","title":{"rendered":"OTDR&#8212;&#8211;SK3302F"},"content":{"rendered":"<p>El reflect\u00f3metro \u00f3ptico en el dominio del tiempo (OTDR) de la serie SK3302F es un medidor inteligente de nueva generaci\u00f3n para la detecci\u00f3n de sistemas de comunicaciones por fibra \u00f3ptica. Con la popularizaci\u00f3n de la construcci\u00f3n de redes \u00f3pticas en ciudades y zonas rurales, la medici\u00f3n de estas redes se ha vuelto m\u00e1s compleja y dispersa; el 3302F est\u00e1 especialmente dise\u00f1ado para este tipo de aplicaci\u00f3n. Es econ\u00f3mico y ofrece un rendimiento excepcional.<\/p>\n<p>El SK3302F se fabrica con esmero y dedicaci\u00f3n, siguiendo las normas nacionales y combinando una amplia experiencia con tecnolog\u00eda moderna. Se somete a rigurosas pruebas mec\u00e1nicas, electr\u00f3nicas y \u00f3pticas, adem\u00e1s de un estricto control de calidad. Su nuevo dise\u00f1o lo hace m\u00e1s inteligente, compacto y vers\u00e1til.<br \/>\nYa sea que necesite detectar la capa de enlace durante la construcci\u00f3n e instalaci\u00f3n de redes \u00f3pticas o realizar un mantenimiento y una resoluci\u00f3n de problemas eficientes, el SK3302F ser\u00e1 su mejor aliado.<br \/>\nCARACTER\u00cdSTICAS<br \/>\n* Dise\u00f1o integrado, inteligente y robusto<br \/>\n* Nivel de protecci\u00f3n IP65, optimizado para exteriores<br \/>\n* Pantalla LCD antirreflectante de 7 pulgadas<br \/>\n* M\u00f3dulo de prueba PON en l\u00ednea (1625 nm) opcional<br \/>\n* Compatible con visualizaci\u00f3n y entrada en varios idiomas<br \/>\nAPLICACIONES<br \/>\n* Pruebas FTTX con redes PON<br \/>\n* Pruebas de redes CATV<br \/>\n* Pruebas de redes de acceso<br \/>\n* Pruebas de redes LAN<br \/>\n* Pruebas de redes metropolitanas<\/p>\n<table>\n<tbody>\n<tr>\n<td width=\"212\">Dimension<\/td>\n<td width=\"507\">253\u00d7168\u00d773.6mm<\/p>\n<p>1.5kg (battery included)<\/td>\n<\/tr>\n<tr>\n<td width=\"212\">Display<\/td>\n<td width=\"507\">7 inch TFT-LCD with LED backlight (touch screen function is optional)<\/td>\n<\/tr>\n<tr>\n<td width=\"212\">Interface<\/td>\n<td width=\"507\">1\u00d7RJ45 port, 3\u00d7USB port (USB 2.0, Type A USB\u00d72, Type B USB\u00d71)<\/td>\n<\/tr>\n<tr>\n<td width=\"212\">Power Supply<\/td>\n<td width=\"507\">10V(dc), 100V(ac) to 240V(ac), 50~60Hz<\/td>\n<\/tr>\n<tr>\n<td width=\"212\">Battery<\/td>\n<td width=\"507\">7.4V(dc)\/4.4Ah lithium battery (with air traffic certification)<\/p>\n<p>Operating time: 12 hours, Telcordia GR-196-CORE<\/p>\n<p>Charging time: &lt;4 hours (power off)<\/td>\n<\/tr>\n<tr>\n<td width=\"212\">Power Saving<\/td>\n<td width=\"507\">Backlight off: Disable\/1 to 99 minutes<\/p>\n<p>Auto shutdown: Disable\/1 to 99 minutes<\/td>\n<\/tr>\n<tr>\n<td width=\"212\">Data Storage<\/td>\n<td width=\"507\">Internal memory: 4GB (about 40,000 groups of curves)<\/td>\n<\/tr>\n<tr>\n<td width=\"212\">Language<\/td>\n<td width=\"507\">User selectable (English, Simplified Chinese, traditional Chinese, French, Korean, Russian, Spanish and Portuguese-contact us for availability of others)<\/td>\n<\/tr>\n<tr>\n<td width=\"212\">Environmental Conditions<\/td>\n<td width=\"507\">Operating temperature and humidity: -10\u2103~+50\u2103, \u226495% (non-condensation)<\/p>\n<p>Storage temperature and humidity: -20\u2103~+75\u2103, \u226495% (non-condensation)<\/p>\n<p>Proof: IP65 (IEC60529)<\/td>\n<\/tr>\n<tr>\n<td width=\"212\"><\/td>\n<td width=\"507\"><\/td>\n<\/tr>\n<tr>\n<td width=\"212\">Accessories<\/td>\n<td width=\"507\">Standard: Main unit, power adapter, Lithium battery, FC adapter, USB cord, User guide, CD disk, carrying case<\/p>\n<p>Optional: SC\/ST\/LC adapter, Bare fiber adapter<\/td>\n<\/tr>\n<\/tbody>\n<\/table>\n<p><strong>Technical parameter<\/strong><\/p>\n<table>\n<tbody>\n<tr>\n<td width=\"173\">\u00a0\u00a0\u00a0 Type<\/td>\n<td width=\"159\">Testing Wavelength<\/p>\n<p>(MM: \u00b120nm, SM: \u00b110nm)<\/td>\n<td width=\"140\">Dynamic Range (dB)<\/td>\n<td width=\"110\">Event Dead-zone (m)<\/td>\n<td width=\"130\">Attenuation Dead-zone (m)<\/td>\n<\/tr>\n<tr>\n<td width=\"173\">SK3302F-S1<\/td>\n<td width=\"159\">1310\/1550<\/td>\n<td width=\"140\">32\/30<\/td>\n<td width=\"110\">1<\/td>\n<td width=\"130\">8\/8<\/td>\n<\/tr>\n<tr>\n<td width=\"173\">SK 3302F-S2<\/td>\n<td width=\"159\">1310\/1550<\/td>\n<td width=\"140\">37\/35<\/td>\n<td width=\"110\">1<\/td>\n<td width=\"130\">8\/8<\/td>\n<\/tr>\n<tr>\n<td width=\"173\">SK 3302F-S3<\/td>\n<td width=\"159\">1310\/1550<\/td>\n<td width=\"140\">42\/40<\/td>\n<td width=\"110\">0.8<\/td>\n<td width=\"130\">8\/8<\/td>\n<\/tr>\n<tr>\n<td width=\"173\">SK 3302F-S4<\/td>\n<td width=\"159\">1310\/1550<\/td>\n<td width=\"140\">45\/42<\/td>\n<td width=\"110\">0.8<\/td>\n<td width=\"130\">8\/8<\/td>\n<\/tr>\n<tr>\n<td width=\"173\">SK 3302F-T1<\/td>\n<td width=\"159\">1310\/1490\/1550<\/td>\n<td width=\"140\">30\/28\/28<\/td>\n<td width=\"110\">1.5<\/td>\n<td width=\"130\">8\/8\/8<\/td>\n<\/tr>\n<tr>\n<td width=\"173\">SK 3302F-T2<\/td>\n<td width=\"159\">1310\/1550\/1625<\/td>\n<td width=\"140\">30\/28\/28<\/td>\n<td width=\"110\">1.5<\/td>\n<td width=\"130\">8\/8\/8<\/td>\n<\/tr>\n<tr>\n<td width=\"173\">SK 3302F-T3<\/td>\n<td width=\"159\">1310\/1490\/1550<\/td>\n<td width=\"140\">37\/36\/36<\/td>\n<td width=\"110\">0.8<\/td>\n<td width=\"130\">8\/8\/8<\/td>\n<\/tr>\n<tr>\n<td width=\"173\">SK 3302F-T4<\/td>\n<td width=\"159\">1310\/1550\/1625<\/td>\n<td width=\"140\">37\/36\/36<\/td>\n<td width=\"110\">0.8<\/td>\n<td width=\"130\">8\/8\/8<\/td>\n<\/tr>\n<\/tbody>\n<\/table>\n<p><strong>Test parameter<\/strong><\/p>\n<table>\n<tbody>\n<tr>\n<td width=\"148\">Pulse Width<\/td>\n<td width=\"518\">Single mode:\u00a0 5ns, 10ns, 20ns, 50ns, 100ns, 200ns, 500ns, 1\u03bcs, 2\u03bcs, 5\u03bcs, 10\u03bcs, 20\u03bcs<\/td>\n<\/tr>\n<tr>\n<td width=\"148\">Testing Distance<\/td>\n<td width=\"518\">Single mode: 100m, 500m, 2km, 5km, 10km, 20km, 40km, 80km, 120km, 160km, 240km<\/td>\n<\/tr>\n<tr>\n<td width=\"148\">Sampling Resolution<\/td>\n<td width=\"518\">Minimum 5cm<\/td>\n<\/tr>\n<tr>\n<td width=\"148\">Sampling Point<\/td>\n<td width=\"518\">Maximum 128,000 points<\/td>\n<\/tr>\n<tr>\n<td width=\"148\">Linearity<\/td>\n<td width=\"518\">\u22640.05dB\/dB<\/td>\n<\/tr>\n<tr>\n<td width=\"148\">scale Indication<\/td>\n<td width=\"518\">X axis: 4m~70m\/div, Y axis: Minimum 0.09dB\/div<\/td>\n<\/tr>\n<tr>\n<td width=\"148\">Distance Resolution<\/td>\n<td width=\"518\">0.01m<\/td>\n<\/tr>\n<tr>\n<td width=\"148\">Distance Accuracy<\/td>\n<td width=\"518\">\u00b1(1m+measuring distance\u00d73\u00d710-5+sampling resolution) (excluding IOR uncertainty)<\/td>\n<\/tr>\n<tr>\n<td width=\"148\">Reflectance Accuracy<\/td>\n<td width=\"518\">Single mode: \u00b12dB, multi-mode: \u00b14dB<\/td>\n<\/tr>\n<tr>\n<td width=\"148\">IOR Setting<\/td>\n<td width=\"518\">1.4000~1.7000, 0.0001 step<\/td>\n<\/tr>\n<tr>\n<td width=\"148\">Units<\/td>\n<td width=\"518\">Km, miles, feet<\/td>\n<\/tr>\n<tr>\n<td width=\"148\">OTDR Trace Format<\/td>\n<td width=\"518\">Telcordia universal, SOR, issue 2 (SR-4731)<\/p>\n<p>OTDR: User selectable automatic or manual set-up<\/td>\n<\/tr>\n<tr>\n<td width=\"148\">Testing Modes<\/td>\n<td width=\"518\">Visual fault locator: Visible red light for fiber identification and troubleshooting<\/p>\n<p>Light source: Stabilized Light Source (CW, 270Hz, 1kHz, 2kHz output)<\/p>\n<p>Field microscope probe<\/td>\n<\/tr>\n<tr>\n<td width=\"148\">Fiber Event Analysis<\/td>\n<td width=\"518\">-Reflective and non-reflective events: 0.01 to 1.99dB (0.01dB steps)<\/p>\n<p>-Reflective: 0.01 to 32dB (0.01dB steps)<\/p>\n<p>-Fiber end\/break: 3 to 20dB (1dB steps)<\/td>\n<\/tr>\n<tr>\n<td width=\"148\">Other Functions<\/td>\n<td width=\"518\">Real time sweep: 1Hz<\/p>\n<p>Averaging modes: Timed (1 to 3600 sec.)<\/p>\n<p>Live Fiber detect: Verifies presence communication light in optical fiber<\/p>\n<p>Trace overlay and comparison<\/td>\n<\/tr>\n<\/tbody>\n<\/table>\n<p><strong>VFL Module (Visual Fault Locator, as standard function):<\/strong><\/p>\n<table>\n<tbody>\n<tr>\n<td width=\"264\">Wavelength (\u00b120nm)<\/td>\n<td width=\"411\">650nm<\/td>\n<\/tr>\n<tr>\n<td width=\"264\">Power<\/td>\n<td width=\"411\">10mw,CLASSIII B<\/td>\n<\/tr>\n<tr>\n<td width=\"264\">Range<\/td>\n<td width=\"411\">12km<\/td>\n<\/tr>\n<tr>\n<td width=\"264\">Connector<\/td>\n<td width=\"411\">FC\/UPC<\/td>\n<\/tr>\n<tr>\n<td width=\"264\">Launching Mode<\/td>\n<td width=\"411\">CW\/2Hz<\/td>\n<\/tr>\n<\/tbody>\n<\/table>\n<p><strong>PM Module (Power Meter, as optional function):<\/strong><\/p>\n<table>\n<tbody>\n<tr>\n<td width=\"264\">Wavelength Range (\u00b120nm)<\/td>\n<td width=\"411\">800~1700nm<\/td>\n<\/tr>\n<tr>\n<td width=\"264\">Calibrated Wavelength<\/td>\n<td width=\"411\">850\/1300\/1310\/1490\/1550\/1625\/1650nm<\/td>\n<\/tr>\n<tr>\n<td width=\"264\">Test Range<\/td>\n<td width=\"411\">Type A: -65~+5dBm (standard); Type B: -40~+23dBm (optional)<\/td>\n<\/tr>\n<tr>\n<td width=\"264\">Resolution<\/td>\n<td width=\"411\">0.01dB<\/td>\n<\/tr>\n<tr>\n<td width=\"264\">Accuracy<\/td>\n<td width=\"411\">\u00b10.35dB\u00b11nW<\/td>\n<\/tr>\n<tr>\n<td width=\"264\">Modulation Identification<\/td>\n<td width=\"411\">270\/1k\/2kHz,Pinput\u2265-40dBm<\/td>\n<\/tr>\n<tr>\n<td width=\"264\">Connector<\/td>\n<td width=\"411\">FC\/UPC<\/td>\n<\/tr>\n<\/tbody>\n<\/table>\n<p><strong>LS Module (Laser Source, as optional function):<\/strong><\/p>\n<table>\n<tbody>\n<tr>\n<td width=\"264\">Working Wavelength (\u00b120nm)<\/td>\n<td width=\"408\">1310\/1550\/1625nm<\/td>\n<\/tr>\n<tr>\n<td width=\"264\">Output Power<\/td>\n<td width=\"408\">Adjustable -25~0dBm<\/td>\n<\/tr>\n<tr>\n<td width=\"264\">Accuracy<\/td>\n<td width=\"408\">\u00b10.5dB<\/td>\n<\/tr>\n<tr>\n<td width=\"264\">Connector<\/td>\n<td width=\"408\">FC\/UPC<\/td>\n<\/tr>\n<\/tbody>\n<\/table>\n<p><strong>FM Module (Fiber Microscope, as optional function):<\/strong><\/p>\n<table>\n<tbody>\n<tr>\n<td width=\"264\">Magnification<\/td>\n<td width=\"405\">400X<\/td>\n<\/tr>\n<tr>\n<td width=\"264\">Resolution<\/td>\n<td width=\"405\">1.0\u00b5m<\/td>\n<\/tr>\n<tr>\n<td width=\"264\">View of Field<\/td>\n<td width=\"405\">0.40\u00d70.31mm<\/td>\n<\/tr>\n<tr>\n<td width=\"264\">Storage\/working Condition<\/td>\n<td width=\"405\">-18\u2103~35\u2103<\/td>\n<\/tr>\n<tr>\n<td width=\"264\">Dimension<\/td>\n<td width=\"405\">235\u00d795\u00d730mm<\/td>\n<\/tr>\n<tr>\n<td width=\"264\">Sensor<\/td>\n<td width=\"405\">1\/3 inch 2 million of pixel<\/td>\n<\/tr>\n<tr>\n<td width=\"264\">Weight<\/td>\n<td width=\"405\">150g<\/td>\n<\/tr>\n<tr>\n<td width=\"264\">USB<\/td>\n<td width=\"405\">1.1\/2.0<\/td>\n<\/tr>\n<tr>\n<td width=\"264\">Adapter<\/p>\n<p>&nbsp;<\/td>\n<td width=\"405\">SC-PC-F (For SC\/PC adapter)<\/p>\n<p>FC-PC-F (For FC\/PC adapter)<\/p>\n<p>LC-PC-F (For LC\/PC adapter)<\/p>\n<p>2.5PC-M (For 2.5mm connector, SC\/PC, FC\/PC, ST\/PC)<\/td>\n<\/tr>\n<\/tbody>\n<\/table>\n","protected":false},"excerpt":{"rendered":"<p>El reflect\u00f3metro \u00f3ptico en el dominio del tiempo (OTDR) de la serie SK3302F es un medidor inteligente de nueva generaci\u00f3n para la detecci\u00f3n de sistemas de comunicaciones por fibra \u00f3ptica.<\/p>\n","protected":false},"featured_media":4934,"template":"","meta":{"_joinchat":[]},"product_brand":[88],"product_cat":[84,15],"product_tag":[205],"class_list":{"0":"post-4932","1":"product","2":"type-product","3":"status-publish","4":"has-post-thumbnail","6":"product_brand-skynet","7":"product_cat-instrumentos-fibra-optica","8":"product_cat-todas-las-categorias","9":"product_tag-otdr-sk3302f","11":"first","12":"instock","13":"shipping-taxable","14":"product-type-simple"},"jetpack_sharing_enabled":true,"_links":{"self":[{"href":"https:\/\/hyltelecom.cl\/en\/wp-json\/wp\/v2\/product\/4932","targetHints":{"allow":["GET"]}}],"collection":[{"href":"https:\/\/hyltelecom.cl\/en\/wp-json\/wp\/v2\/product"}],"about":[{"href":"https:\/\/hyltelecom.cl\/en\/wp-json\/wp\/v2\/types\/product"}],"version-history":[{"count":2,"href":"https:\/\/hyltelecom.cl\/en\/wp-json\/wp\/v2\/product\/4932\/revisions"}],"predecessor-version":[{"id":4935,"href":"https:\/\/hyltelecom.cl\/en\/wp-json\/wp\/v2\/product\/4932\/revisions\/4935"}],"wp:featuredmedia":[{"embeddable":true,"href":"https:\/\/hyltelecom.cl\/en\/wp-json\/wp\/v2\/media\/4934"}],"wp:attachment":[{"href":"https:\/\/hyltelecom.cl\/en\/wp-json\/wp\/v2\/media?parent=4932"}],"wp:term":[{"taxonomy":"product_brand","embeddable":true,"href":"https:\/\/hyltelecom.cl\/en\/wp-json\/wp\/v2\/product_brand?post=4932"},{"taxonomy":"product_cat","embeddable":true,"href":"https:\/\/hyltelecom.cl\/en\/wp-json\/wp\/v2\/product_cat?post=4932"},{"taxonomy":"product_tag","embeddable":true,"href":"https:\/\/hyltelecom.cl\/en\/wp-json\/wp\/v2\/product_tag?post=4932"}],"curies":[{"name":"wp","href":"https:\/\/api.w.org\/{rel}","templated":true}]}}