{"id":4936,"date":"2026-04-09T08:20:42","date_gmt":"2026-04-09T08:20:42","guid":{"rendered":"https:\/\/hyltelecom.cl\/?post_type=product&#038;p=4936"},"modified":"2026-04-09T10:19:18","modified_gmt":"2026-04-09T10:19:18","slug":"otdr-sk3302","status":"publish","type":"product","link":"https:\/\/hyltelecom.cl\/en\/catalogo-hyl-telecom\/otdr-sk3302\/","title":{"rendered":"OTDR&#8212;&#8211;SK3302"},"content":{"rendered":"<p>El OTDR port\u00e1til SK3302 es un instrumento de medici\u00f3n \u00f3ptica inteligente de nueva generaci\u00f3n dise\u00f1ado para la prueba de sistemas de comunicaci\u00f3n por fibra \u00f3ptica. Este producto se utiliza principalmente para medir par\u00e1metros de fibras y cables \u00f3pticos, como longitud, p\u00e9rdida y calidad de conexi\u00f3n, entre otros. Permite la localizaci\u00f3n precisa de puntos de eventos y fallas, y puede utilizarse ampliamente en la construcci\u00f3n, el mantenimiento y la reparaci\u00f3n de emergencia de sistemas de comunicaci\u00f3n por fibra \u00f3ptica, as\u00ed como en la investigaci\u00f3n, producci\u00f3n y medici\u00f3n de fibras y cables \u00f3pticos.<\/p>\n<p>Este producto ofrece soluciones de alto rendimiento para la instalaci\u00f3n y construcci\u00f3n de redes de fibra \u00f3ptica, as\u00ed como para el mantenimiento y la resoluci\u00f3n de problemas posteriores, de forma r\u00e1pida y eficiente.<\/p>\n<p>Caracter\u00edsticas:<\/p>\n<p>* Dise\u00f1o novedoso y elegante;<\/p>\n<p>* Carcasa con protecci\u00f3n especial, duradera y apta para entornos adversos;<\/p>\n<p>* Interfaz de usuario sencilla, con teclas de acceso directo para una f\u00e1cil utilizaci\u00f3n;<\/p>\n<p>* Funcionamiento dual mediante pantalla t\u00e1ctil y teclas;<\/p>\n<p>* Detecci\u00f3n de zonas ciegas para eventos cortos, prueba sencilla de cables de fibra de 5 m; M\u00faltiples modos de prueba: autom\u00e1tico, manual y de zonas ciegas, entre otros;<\/p>\n<p>* Detecci\u00f3n y alarma de luz en la l\u00ednea para evitar da\u00f1os al instrumento durante la prueba de la fibra \u00f3ptica;<\/p>\n<p>* Funci\u00f3n integrada de localizaci\u00f3n de fallos mediante luz roja de alta potencia;<\/p>\n<p>* Interfaz USB para transferencia r\u00e1pida de archivos y generaci\u00f3n de informes;<\/p>\n<p>* Conector de salida de luz universal, f\u00e1cil de reemplazar, que permite realizar diversas pruebas de interfaz;<\/p>\n<p>* Indicador inteligente de nivel de bater\u00eda y alarma de bajo voltaje;<\/p>\n<p>* Autonom\u00eda de 10 horas, ideal para trabajos de campo prolongados;<\/p>\n<p>* La selecci\u00f3n de m\u00faltiples longitudes de onda y rango din\u00e1mico permite satisfacer al m\u00e1ximo las exigencias de los clientes en cuanto a relaci\u00f3n costo-rendimiento.<\/p>\n<p>* El software de an\u00e1lisis altamente inteligente identifica con precisi\u00f3n empalmes defectuosos, conectores e incluso macrocurvaturas.<\/p>\n<p>* Idiomas: m\u00faltiples opciones de idiomas, como chino, ingl\u00e9s, etc., que se pueden personalizar seg\u00fan los requisitos del cliente.<\/p>\n<table>\n<tbody>\n<tr>\n<td width=\"131\">Model<\/td>\n<td width=\"266\">SK3302A<\/td>\n<td width=\"263\">SK3302B<\/td>\n<\/tr>\n<tr>\n<td width=\"131\">Type of optical fiber<\/td>\n<td colspan=\"2\" width=\"529\">Single \u2013mode<\/td>\n<\/tr>\n<tr>\n<td width=\"131\">Center wavelength<\/td>\n<td colspan=\"2\" width=\"529\">1310nm\/1550nm (\u00b120nm)<\/td>\n<\/tr>\n<tr>\n<td width=\"131\">Maximum dynamic range (dB)<\/td>\n<td width=\"266\">36\/35<\/td>\n<td width=\"263\">30\/28<\/td>\n<\/tr>\n<tr>\n<td width=\"131\">Event blind zone<\/td>\n<td colspan=\"2\" width=\"529\">1.5m<\/td>\n<\/tr>\n<tr>\n<td width=\"131\">Attenuation\u00a0blind zone<\/td>\n<td colspan=\"2\" width=\"529\">10m<\/td>\n<\/tr>\n<tr>\n<td width=\"131\">Display type<\/td>\n<td colspan=\"2\" width=\"529\">3.5inch, color LCD, touch screen operation<\/td>\n<\/tr>\n<tr>\n<td width=\"131\">Optical interface<\/td>\n<td colspan=\"2\" width=\"529\">FC\/UPC (Interchangeable SC, ST)<\/td>\n<\/tr>\n<tr>\n<td width=\"131\">Test range<\/td>\n<td colspan=\"2\" width=\"529\">500m,1km,2km,4km,8km,16km,32km,64km,128km<\/td>\n<\/tr>\n<tr>\n<td width=\"131\">Pulse width<\/td>\n<td colspan=\"2\" width=\"529\">10,30,50,100,275,500,1000,5000,10000ns<\/td>\n<\/tr>\n<tr>\n<td width=\"131\">Range accuracy<\/td>\n<td colspan=\"2\" width=\"529\">\u00b1 (1m + sampling interval +0.005% \u00d7 distance)<\/td>\n<\/tr>\n<tr>\n<td width=\"131\">Attenuation measurement<\/td>\n<td colspan=\"2\" width=\"529\">\u00b10.05 dB\/dB<\/td>\n<\/tr>\n<tr>\n<td width=\"131\">Reflection measurement<\/td>\n<td colspan=\"2\" width=\"529\">\u00b14dB<\/td>\n<\/tr>\n<tr>\n<td width=\"131\">Data storage<\/td>\n<td colspan=\"2\" width=\"529\">\u2265 1000 test curves<\/td>\n<\/tr>\n<tr>\n<td width=\"131\">Communication interface<\/td>\n<td colspan=\"2\" width=\"529\">USB<\/td>\n<\/tr>\n<tr>\n<td width=\"131\">Power supply mode<\/td>\n<td colspan=\"2\" width=\"529\">AC \/ DC adapter: AC: 100V ~ 240V (1.5A), 50\/60Hz<br \/>\nDC: 18V to 20V (2A)<br \/>\nInternal lithium-ion battery pack: 7.4V, 4400mAh<\/td>\n<\/tr>\n<tr>\n<td width=\"131\">Battery operation\u00a0time<\/td>\n<td colspan=\"2\" width=\"529\">\u2265 10hours<\/td>\n<\/tr>\n<tr>\n<td width=\"131\">Operating temperature<\/td>\n<td colspan=\"2\" width=\"529\">-5\u2103 \uff5e 50\u2103<\/td>\n<\/tr>\n<tr>\n<td width=\"131\">Storage temperature<\/td>\n<td colspan=\"2\" width=\"529\">-20\u2103 \uff5e 70\u2103<\/td>\n<\/tr>\n<tr>\n<td width=\"131\">Relative humidity<\/td>\n<td colspan=\"2\" width=\"529\">0 \uff5e 95\uff05, no condensation<\/td>\n<\/tr>\n<tr>\n<td width=\"131\">Weight<\/td>\n<td colspan=\"2\" width=\"529\">\u2264 1kg<\/td>\n<\/tr>\n<tr>\n<td width=\"131\">Volume<\/td>\n<td colspan=\"2\" width=\"529\">208mm \u00d7 110mm \u00d7 56mm<\/td>\n<\/tr>\n<\/tbody>\n<\/table>\n<p><strong>Standard Packages<\/strong><\/p>\n<table>\n<tbody>\n<tr>\n<td width=\"195\">MODEL<\/td>\n<td width=\"467\">INCLUDES<\/td>\n<\/tr>\n<tr>\n<td width=\"195\">SK3302<\/td>\n<td width=\"467\">Instrument, FC\/PC connector, NiMH battery, Trace Manager software CD, Data cable (USB\/RS-232), AC adaptor, Soft carrying case, Warranty card, Quick reference guide.<\/td>\n<\/tr>\n<\/tbody>\n<\/table>\n","protected":false},"excerpt":{"rendered":"<p>El OTDR port\u00e1til SK3302 es un instrumento de medici\u00f3n \u00f3ptica inteligente de nueva generaci\u00f3n dise\u00f1ado para la prueba de sistemas de comunicaci\u00f3n por fibra \u00f3ptica.<\/p>\n","protected":false},"featured_media":4939,"template":"","meta":{"_joinchat":[]},"product_brand":[88],"product_cat":[84,15],"product_tag":[208,209],"class_list":{"0":"post-4936","1":"product","2":"type-product","3":"status-publish","4":"has-post-thumbnail","6":"product_brand-skynet","7":"product_cat-instrumentos-fibra-optica","8":"product_cat-todas-las-categorias","9":"product_tag-otdr","10":"product_tag-reflectometro-optico","12":"first","13":"instock","14":"shipping-taxable","15":"product-type-simple"},"jetpack_sharing_enabled":true,"_links":{"self":[{"href":"https:\/\/hyltelecom.cl\/en\/wp-json\/wp\/v2\/product\/4936","targetHints":{"allow":["GET"]}}],"collection":[{"href":"https:\/\/hyltelecom.cl\/en\/wp-json\/wp\/v2\/product"}],"about":[{"href":"https:\/\/hyltelecom.cl\/en\/wp-json\/wp\/v2\/types\/product"}],"version-history":[{"count":2,"href":"https:\/\/hyltelecom.cl\/en\/wp-json\/wp\/v2\/product\/4936\/revisions"}],"predecessor-version":[{"id":4938,"href":"https:\/\/hyltelecom.cl\/en\/wp-json\/wp\/v2\/product\/4936\/revisions\/4938"}],"wp:featuredmedia":[{"embeddable":true,"href":"https:\/\/hyltelecom.cl\/en\/wp-json\/wp\/v2\/media\/4939"}],"wp:attachment":[{"href":"https:\/\/hyltelecom.cl\/en\/wp-json\/wp\/v2\/media?parent=4936"}],"wp:term":[{"taxonomy":"product_brand","embeddable":true,"href":"https:\/\/hyltelecom.cl\/en\/wp-json\/wp\/v2\/product_brand?post=4936"},{"taxonomy":"product_cat","embeddable":true,"href":"https:\/\/hyltelecom.cl\/en\/wp-json\/wp\/v2\/product_cat?post=4936"},{"taxonomy":"product_tag","embeddable":true,"href":"https:\/\/hyltelecom.cl\/en\/wp-json\/wp\/v2\/product_tag?post=4936"}],"curies":[{"name":"wp","href":"https:\/\/api.w.org\/{rel}","templated":true}]}}