{"id":4940,"date":"2026-04-09T08:24:02","date_gmt":"2026-04-09T08:24:02","guid":{"rendered":"https:\/\/hyltelecom.cl\/?post_type=product&#038;p=4940"},"modified":"2026-04-09T08:24:02","modified_gmt":"2026-04-09T08:24:02","slug":"medidor-de-potencia-optica-portatil-serie-sk3216","status":"publish","type":"product","link":"https:\/\/hyltelecom.cl\/en\/catalogo-hyl-telecom\/medidor-de-potencia-optica-portatil-serie-sk3216\/","title":{"rendered":"Medidor de potencia \u00f3ptica port\u00e1til &#8211; Serie SK3216"},"content":{"rendered":"<p>El medidor de potencia \u00f3ptica port\u00e1til SK3216 es un probador de fibra \u00f3ptica de nuevo dise\u00f1o, orientado a la instalaci\u00f3n, aceptaci\u00f3n y mantenimiento de redes de fibra \u00f3ptica. En combinaci\u00f3n con la fuente de luz \u00f3ptica port\u00e1til SK3116, ofrece una soluci\u00f3n de prueba r\u00e1pida y precisa para fibras monomodo (SM) y multimodo (MM). En comparaci\u00f3n con los medidores de potencia convencionales, el SK3216 cuenta con funciones avanzadas como la identificaci\u00f3n y conmutaci\u00f3n autom\u00e1tica de longitud de onda y el control inteligente de la retroiluminaci\u00f3n. Adem\u00e1s, el SK3216 presenta una apariencia elegante, un tacto agradable y un dise\u00f1o ergon\u00f3mico.<\/p>\n<p>Caracter\u00edsticas<\/p>\n<p>* Identificaci\u00f3n de onda: Identificaci\u00f3n y conmutaci\u00f3n autom\u00e1tica de longitud de onda (al usar la fuente de luz port\u00e1til SK3116)<\/p>\n<p>* Identificaci\u00f3n de frecuencia\/Detecci\u00f3n de tono: Identificaci\u00f3n autom\u00e1tica de frecuencia<\/p>\n<p>* Control inteligente de retroiluminaci\u00f3n (la intensidad de la luz se ajusta autom\u00e1ticamente seg\u00fan la luz ambiental, lo que reduce considerablemente el consumo de energ\u00eda)<\/p>\n<p>* Almacenamiento de datos: hasta 1000 registros de prueba<\/p>\n<p>* Puerto USB para descargar los registros de prueba guardados<\/p>\n<p>* Nivel de potencia de referencia configurable y almacenable<\/p>\n<p>* Autocalibraci\u00f3n<\/p>\n<p>* Apagado autom\u00e1tico (activable o desactivable)<\/p>\n<p>* Alimentaci\u00f3n mediante pilas alcalinas AA y adaptador de CA<\/p>\n<p>* Indicador de bater\u00eda baja<\/p>\n<table>\n<tbody>\n<tr>\n<td width=\"217\">Model<\/td>\n<td width=\"181\">SK3216A<\/td>\n<td width=\"224\">SK3216C<\/td>\n<\/tr>\n<tr>\n<td width=\"217\">Calibrated\uff08nm\uff09wavelength<\/td>\n<td colspan=\"2\" width=\"405\">850, 1300,1310,1490,1550,1625<\/td>\n<\/tr>\n<tr>\n<td width=\"217\">Detector type<\/td>\n<td colspan=\"2\" width=\"405\">InGaAs<\/td>\n<\/tr>\n<tr>\n<td width=\"217\">Measurement Range\uff08dBm\uff09<\/td>\n<td width=\"181\">-70\uff5e+6<\/td>\n<td width=\"224\">-50\uff5e+26<\/td>\n<\/tr>\n<tr>\n<td width=\"217\">Uncertainty (dB)<\/td>\n<td colspan=\"2\" width=\"405\">\u00b10.15\uff083.5%\uff09<\/td>\n<\/tr>\n<tr>\n<td width=\"217\">linearity (dB)<\/td>\n<td colspan=\"2\" width=\"405\">\u00b10.02<\/td>\n<\/tr>\n<tr>\n<td width=\"217\">Display resolution(dB)<\/td>\n<td colspan=\"2\" width=\"405\">0.01<\/td>\n<\/tr>\n<tr>\n<td width=\"217\">Frequency ID\uff08Hz\uff09<\/td>\n<td colspan=\"2\" width=\"405\">270\uff0c330\uff0c1K\uff0c2K<\/td>\n<\/tr>\n<tr>\n<td width=\"217\">Wave ID\uff08nm\uff09<\/td>\n<td colspan=\"2\" width=\"405\">1310\uff0c1490\uff0c1550\uff0c1625<\/td>\n<\/tr>\n<tr>\n<td width=\"217\">Date storage capacity<\/td>\n<td colspan=\"2\" width=\"405\">1000<\/td>\n<\/tr>\n<tr>\n<td width=\"217\">Communication Port<\/td>\n<td colspan=\"2\" width=\"405\">USB<\/td>\n<\/tr>\n<tr>\n<td width=\"217\">Optical Connector type<\/td>\n<td colspan=\"2\" width=\"405\">FC,SC,ST interchangeable<\/td>\n<\/tr>\n<tr>\n<td width=\"217\">Alkaline battery<\/td>\n<td colspan=\"2\" width=\"405\">3*AA\uff0c1.5V<\/td>\n<\/tr>\n<tr>\n<td width=\"217\">Power Supply Adaptor(V)<\/td>\n<td colspan=\"2\" width=\"405\">8.4<\/td>\n<\/tr>\n<tr>\n<td width=\"217\">Battery Operating time (h)<\/td>\n<td colspan=\"2\" width=\"405\">200<\/td>\n<\/tr>\n<tr>\n<td width=\"217\">Operation Temperature(\u2103)<\/td>\n<td colspan=\"2\" width=\"405\">-10\uff5e+60<\/td>\n<\/tr>\n<tr>\n<td width=\"217\">Storage Temperature(\u2103)<\/td>\n<td colspan=\"2\" width=\"405\">-25\uff5e+70<\/td>\n<\/tr>\n<tr>\n<td width=\"217\">Outline size\uff08mm\uff09\/weight<\/td>\n<td colspan=\"2\" width=\"405\">180*90*45(250g)<\/td>\n<\/tr>\n<\/tbody>\n<\/table>\n<p><strong>Standard Packages<\/strong><\/p>\n<table>\n<tbody>\n<tr>\n<td width=\"217\">MODEL<\/td>\n<td width=\"406\">INCLUDES<\/td>\n<\/tr>\n<tr>\n<td width=\"217\">All SK3216 Models<\/td>\n<td width=\"406\">SK3216 Optical Power Meter, 3pcs 1.5V batteries, AC Adaptor, User Manual, Cotton swabs and Soft carrying case.<\/td>\n<\/tr>\n<\/tbody>\n<\/table>\n","protected":false},"excerpt":{"rendered":"<p>El medidor de potencia \u00f3ptica port\u00e1til SK3216 es un comprobador de fibra \u00f3ptica de nuevo dise\u00f1o, destinado a la instalaci\u00f3n de redes de fibra \u00f3ptica, la aceptaci\u00f3n de la ingenier\u00eda de redes de fibra \u00f3ptica y el mantenimiento de redes de fibra \u00f3ptica.<\/p>\n","protected":false},"featured_media":4941,"template":"","meta":{"_joinchat":[]},"product_brand":[88],"product_cat":[84,15],"product_tag":[206],"class_list":{"0":"post-4940","1":"product","2":"type-product","3":"status-publish","4":"has-post-thumbnail","6":"product_brand-skynet","7":"product_cat-instrumentos-fibra-optica","8":"product_cat-todas-las-categorias","9":"product_tag-medidor-de-potencia-optica-portatil-serie-sk3216","11":"first","12":"instock","13":"shipping-taxable","14":"product-type-simple"},"jetpack_sharing_enabled":true,"_links":{"self":[{"href":"https:\/\/hyltelecom.cl\/en\/wp-json\/wp\/v2\/product\/4940","targetHints":{"allow":["GET"]}}],"collection":[{"href":"https:\/\/hyltelecom.cl\/en\/wp-json\/wp\/v2\/product"}],"about":[{"href":"https:\/\/hyltelecom.cl\/en\/wp-json\/wp\/v2\/types\/product"}],"version-history":[{"count":1,"href":"https:\/\/hyltelecom.cl\/en\/wp-json\/wp\/v2\/product\/4940\/revisions"}],"predecessor-version":[{"id":4942,"href":"https:\/\/hyltelecom.cl\/en\/wp-json\/wp\/v2\/product\/4940\/revisions\/4942"}],"wp:featuredmedia":[{"embeddable":true,"href":"https:\/\/hyltelecom.cl\/en\/wp-json\/wp\/v2\/media\/4941"}],"wp:attachment":[{"href":"https:\/\/hyltelecom.cl\/en\/wp-json\/wp\/v2\/media?parent=4940"}],"wp:term":[{"taxonomy":"product_brand","embeddable":true,"href":"https:\/\/hyltelecom.cl\/en\/wp-json\/wp\/v2\/product_brand?post=4940"},{"taxonomy":"product_cat","embeddable":true,"href":"https:\/\/hyltelecom.cl\/en\/wp-json\/wp\/v2\/product_cat?post=4940"},{"taxonomy":"product_tag","embeddable":true,"href":"https:\/\/hyltelecom.cl\/en\/wp-json\/wp\/v2\/product_tag?post=4940"}],"curies":[{"name":"wp","href":"https:\/\/api.w.org\/{rel}","templated":true}]}}