{"id":4943,"date":"2026-04-09T08:26:38","date_gmt":"2026-04-09T08:26:38","guid":{"rendered":"https:\/\/hyltelecom.cl\/?post_type=product&#038;p=4943"},"modified":"2026-04-09T08:27:03","modified_gmt":"2026-04-09T08:27:03","slug":"medidor-de-potencia-optica-serie-sk3211","status":"publish","type":"product","link":"https:\/\/hyltelecom.cl\/en\/catalogo-hyl-telecom\/medidor-de-potencia-optica-serie-sk3211\/","title":{"rendered":"Medidor de potencia \u00f3ptica&#8212;&#8212;&#8212;Serie SK3211"},"content":{"rendered":"<p>El medidor de potencia \u00f3ptica SK3211 es un dispositivo port\u00e1til lanzado en 2007 que permite realizar mediciones de potencia \u00f3ptica absolutas y de p\u00e9rdidas relativas en redes de fibra \u00f3ptica. Incorpora un fotodiodo fotosensible de \u00d81,0 mm para mejorar significativamente su estabilidad y fiabilidad. Destaca por su dise\u00f1o innovador, amplio rango de medici\u00f3n de potencia, alta precisi\u00f3n, funci\u00f3n de autocalibraci\u00f3n y almacenamiento del nivel de potencia de referencia.<\/p>\n<pre class=\"tw-data-text tw-text-large tw-ta\" dir=\"ltr\" tabindex=\"-1\" role=\"text\" data-placeholder=\"Traducci\u00f3n\" data-ved=\"2ahUKEwifp4vAqeCTAxXTppUCHYHmPFwQ3ewLegQIDBAU\" aria-label=\"Texto traducido: Caracter\u00edsticas * Amplio rango din\u00e1mico de medici\u00f3n (hasta 80 dB) * Almacenamiento del nivel de potencia de referencia (Ajuste de referencia) * Funci\u00f3n de autocalibraci\u00f3n del usuario * Pantalla LCD c\u00f3moda y retroiluminada que permite funcionamiento nocturno. * Medici\u00f3n de potencia en dBm o mW y p\u00e9rdida de inserci\u00f3n en dB * Funci\u00f3n de apagado autom\u00e1tico a los 10 minutos (activable o desactivable) * Funciona con pilas alcalinas AA con una duraci\u00f3n superior a 140 horas. Adaptador de CA disponible. * Indicador de bater\u00eda baja Aplicaciones Mantenimiento de telecomunicaciones Mantenimiento de CATV Pruebas de laboratorio de fibra \u00f3ptica Otras mediciones de fibra \u00f3ptica\"><span class=\"Y2IQFc\" lang=\"es\">Caracter\u00edsticas\r\n\r\n* Amplio rango din\u00e1mico de medici\u00f3n (hasta 80 dB)\r\n\r\n* Almacenamiento del nivel de potencia de referencia (Ajuste de referencia)\r\n\r\n* Funci\u00f3n de autocalibraci\u00f3n del usuario\r\n\r\n* Pantalla LCD c\u00f3moda y retroiluminada que permite\r\n\r\nfuncionamiento nocturno.\r\n\r\n* Medici\u00f3n de potencia en dBm o mW y p\u00e9rdida de inserci\u00f3n en dB\r\n\r\n* Funci\u00f3n de apagado autom\u00e1tico a los 10 minutos (activable o desactivable)\r\n\r\n* Funciona con pilas alcalinas AA con una duraci\u00f3n superior a 140 horas. Adaptador de CA disponible.\r\n\r\n* Indicador de bater\u00eda baja\r\n\r\nAplicaciones\r\n\r\nMantenimiento de telecomunicaciones\r\n\r\nMantenimiento de CATV\r\n\r\nPruebas de laboratorio de fibra \u00f3ptica\r\n\r\nOtras mediciones de fibra \u00f3ptica\r\n\r\n<\/span><\/pre>\n<table>\n<tbody>\n<tr>\n<td width=\"212\">MODEL<\/td>\n<td width=\"178\">SK3211A<\/td>\n<td width=\"244\">SK3211C<\/td>\n<\/tr>\n<tr>\n<td width=\"212\">Wavelength(nm)<\/td>\n<td colspan=\"2\" width=\"423\">800~1700nm<\/td>\n<\/tr>\n<tr>\n<td width=\"212\">Detector\u00a0 Type<\/td>\n<td colspan=\"2\" width=\"423\">InGaAs<\/td>\n<\/tr>\n<tr>\n<td width=\"212\">Detector Size<\/td>\n<td colspan=\"2\" width=\"423\">\u00d8 1.0mm<\/td>\n<\/tr>\n<tr>\n<td width=\"212\">Measurement\u00a0 Range (dBm)<\/td>\n<td width=\"178\">-70~+10<\/td>\n<td width=\"244\">-50~+30<\/td>\n<\/tr>\n<tr>\n<td width=\"212\">Uncertainty<\/td>\n<td colspan=\"2\" width=\"423\">\u00b15%<\/td>\n<\/tr>\n<tr>\n<td width=\"212\">Calibrated Wavelength(nm)<\/td>\n<td colspan=\"2\" width=\"423\">850,1300,1310,1490,1550,1625<\/td>\n<\/tr>\n<tr>\n<td width=\"212\">Resolution(dB)<\/td>\n<td colspan=\"2\" width=\"423\">0.01<\/td>\n<\/tr>\n<tr>\n<td width=\"212\">Optical Connector<\/td>\n<td colspan=\"2\" width=\"423\">FC(interchangeable SC,ST) \/ as well as 2.5mm universal<\/td>\n<\/tr>\n<tr>\n<td width=\"212\">Power Supply<\/td>\n<td colspan=\"2\" width=\"423\">Alkaline Battery(3 AA 1.5V batteries); AC Adaptor(9V)<\/td>\n<\/tr>\n<tr>\n<td width=\"212\">Battery Operating Time<\/td>\n<td colspan=\"2\" width=\"423\">140 h with 1.5V Battery(3pcs)<\/td>\n<\/tr>\n<tr>\n<td width=\"212\">Operating Temperature(\u2103)<\/td>\n<td colspan=\"2\" width=\"423\">-10 ~ +60<\/td>\n<\/tr>\n<tr>\n<td width=\"212\">Storage Temperature(\u2103)<\/td>\n<td colspan=\"2\" width=\"423\">-25 ~ +70<\/td>\n<\/tr>\n<tr>\n<td width=\"212\">Relative Humidity<\/td>\n<td colspan=\"2\" width=\"423\">0 to 95% (non-condensing)<\/td>\n<\/tr>\n<tr>\n<td width=\"212\">Dimension(mm)<\/td>\n<td colspan=\"2\" width=\"423\">190X100X50<\/td>\n<\/tr>\n<tr>\n<td width=\"212\">Weight(g)<\/td>\n<td colspan=\"2\" width=\"423\">370<\/td>\n<\/tr>\n<\/tbody>\n<\/table>\n<p><strong>Standard Packages<\/strong><\/p>\n<table>\n<tbody>\n<tr>\n<td width=\"210\">MODEL<\/td>\n<td width=\"406\">INCLUDES<\/td>\n<\/tr>\n<tr>\n<td width=\"210\">All SK3211 Models<\/td>\n<td width=\"406\">SK3211 Optical Power Meter, 3pcs 1.5V batteries, AC Adaptor, User Manual, Cotton swabs and Soft carrying case.<\/td>\n<\/tr>\n<\/tbody>\n<\/table>\n<pre id=\"tw-target-text\" class=\"tw-data-text tw-text-large tw-ta\" dir=\"ltr\" tabindex=\"-1\" role=\"text\" data-placeholder=\"Traducci\u00f3n\" data-ved=\"2ahUKEwifp4vAqeCTAxXTppUCHYHmPFwQ3ewLegQIDBAU\" aria-label=\"Texto traducido: Caracter\u00edsticas * Amplio rango din\u00e1mico de medici\u00f3n (hasta 80 dB) * Almacenamiento del nivel de potencia de referencia (Ajuste de referencia) * Funci\u00f3n de autocalibraci\u00f3n del usuario * Pantalla LCD c\u00f3moda y retroiluminada que permite funcionamiento nocturno. * Medici\u00f3n de potencia en dBm o mW y p\u00e9rdida de inserci\u00f3n en dB * Funci\u00f3n de apagado autom\u00e1tico a los 10 minutos (activable o desactivable) * Funciona con pilas alcalinas AA con una duraci\u00f3n superior a 140 horas. Adaptador de CA disponible. * Indicador de bater\u00eda baja Aplicaciones Mantenimiento de telecomunicaciones Mantenimiento de CATV Pruebas de laboratorio de fibra \u00f3ptica Otras mediciones de fibra \u00f3ptica\"><\/pre>\n","protected":false},"excerpt":{"rendered":"<p>El medidor de potencia \u00f3ptica SK3211 es un medidor de potencia \u00f3ptica port\u00e1til, lanzado al mercado en 2007, que puede utilizarse para mediciones de potencia \u00f3ptica absolutas, as\u00ed como para mediciones de p\u00e9rdida relativa en redes de fibra \u00f3ptica.<\/p>\n","protected":false},"featured_media":4946,"template":"","meta":{"_joinchat":[]},"product_brand":[88],"product_cat":[84,15],"product_tag":[207],"class_list":{"0":"post-4943","1":"product","2":"type-product","3":"status-publish","4":"has-post-thumbnail","6":"product_brand-skynet","7":"product_cat-instrumentos-fibra-optica","8":"product_cat-todas-las-categorias","9":"product_tag-medidor-de-potencia-optica-serie-sk3211","11":"first","12":"instock","13":"shipping-taxable","14":"product-type-simple"},"jetpack_sharing_enabled":true,"_links":{"self":[{"href":"https:\/\/hyltelecom.cl\/en\/wp-json\/wp\/v2\/product\/4943","targetHints":{"allow":["GET"]}}],"collection":[{"href":"https:\/\/hyltelecom.cl\/en\/wp-json\/wp\/v2\/product"}],"about":[{"href":"https:\/\/hyltelecom.cl\/en\/wp-json\/wp\/v2\/types\/product"}],"version-history":[{"count":3,"href":"https:\/\/hyltelecom.cl\/en\/wp-json\/wp\/v2\/product\/4943\/revisions"}],"predecessor-version":[{"id":4947,"href":"https:\/\/hyltelecom.cl\/en\/wp-json\/wp\/v2\/product\/4943\/revisions\/4947"}],"wp:featuredmedia":[{"embeddable":true,"href":"https:\/\/hyltelecom.cl\/en\/wp-json\/wp\/v2\/media\/4946"}],"wp:attachment":[{"href":"https:\/\/hyltelecom.cl\/en\/wp-json\/wp\/v2\/media?parent=4943"}],"wp:term":[{"taxonomy":"product_brand","embeddable":true,"href":"https:\/\/hyltelecom.cl\/en\/wp-json\/wp\/v2\/product_brand?post=4943"},{"taxonomy":"product_cat","embeddable":true,"href":"https:\/\/hyltelecom.cl\/en\/wp-json\/wp\/v2\/product_cat?post=4943"},{"taxonomy":"product_tag","embeddable":true,"href":"https:\/\/hyltelecom.cl\/en\/wp-json\/wp\/v2\/product_tag?post=4943"}],"curies":[{"name":"wp","href":"https:\/\/api.w.org\/{rel}","templated":true}]}}